{"id":8296,"date":"2023-11-29T14:36:24","date_gmt":"2023-11-29T14:36:24","guid":{"rendered":"https:\/\/www.lekka.io\/conditions-generales-carte-2023-construction-copy\/"},"modified":"2025-04-23T07:05:23","modified_gmt":"2025-04-23T07:05:23","slug":"terminos-y-condiciones-resumen","status":"publish","type":"page","link":"https:\/\/www.lekka.io\/es\/conditions-generales-sommaire\/","title":{"rendered":"Condiciones generales - Contenido"},"content":{"rendered":"<div data-elementor-type=\"wp-page\" data-elementor-id=\"8296\" class=\"elementor elementor-8296\" data-elementor-post-type=\"page\">\n\t\t\t\t<div class=\"elementor-element elementor-element-165407c e-con-full e-flex e-con e-parent\" data-id=\"165407c\" data-element_type=\"container\" data-e-type=\"container\" data-settings=\"{&quot;background_background&quot;:&quot;classic&quot;}\">\n\t\t<div class=\"elementor-element elementor-element-144ffb4 e-con-full e-flex e-con e-child\" data-id=\"144ffb4\" data-element_type=\"container\" data-e-type=\"container\">\n\t\t\t\t<div class=\"elementor-element elementor-element-8d33e71 elementor-widget elementor-widget-image\" data-id=\"8d33e71\" data-element_type=\"widget\" data-e-type=\"widget\" data-widget_type=\"image.default\">\n\t\t\t\t<div class=\"elementor-widget-container\">\n\t\t\t\t\t\t\t\t\t\t\t\t\t\t\t<img fetchpriority=\"high\" decoding=\"async\" width=\"364\" height=\"778\" src=\"https:\/\/www.lekka.io\/wp-content\/uploads\/2020\/07\/Group-22-1.png\" class=\"attachment-large size-large wp-image-2032\" alt=\"\" srcset=\"https:\/\/www.lekka.io\/wp-content\/uploads\/2020\/07\/Group-22-1.png 364w, https:\/\/www.lekka.io\/wp-content\/uploads\/2020\/07\/Group-22-1-140x300.png 140w\" sizes=\"(max-width: 364px) 100vw, 364px\" \/>\t\t\t\t\t\t\t\t\t\t\t\t\t\t\t<\/div>\n\t\t\t\t<\/div>\n\t\t\t\t<\/div>\n\t\t<div class=\"elementor-element elementor-element-5d3e238 e-con-full e-flex e-con e-child\" data-id=\"5d3e238\" data-element_type=\"container\" data-e-type=\"container\">\n\t\t\t\t<div class=\"elementor-element elementor-element-a94360f elementor-widget elementor-widget-image\" data-id=\"a94360f\" data-element_type=\"widget\" data-e-type=\"widget\" data-widget_type=\"image.default\">\n\t\t\t\t<div class=\"elementor-widget-container\">\n\t\t\t\t\t\t\t\t\t\t\t\t\t\t\t<img decoding=\"async\" width=\"411\" height=\"778\" src=\"https:\/\/www.lekka.io\/wp-content\/uploads\/2024\/08\/Group-20.webp\" class=\"attachment-large size-large wp-image-1723\" alt=\"\" srcset=\"https:\/\/www.lekka.io\/wp-content\/uploads\/2024\/08\/Group-20.webp 411w, https:\/\/www.lekka.io\/wp-content\/uploads\/2024\/08\/Group-20-158x300.webp 158w, https:\/\/www.lekka.io\/wp-content\/uploads\/2024\/08\/Group-20-6x12.webp 6w\" sizes=\"(max-width: 411px) 100vw, 411px\" \/>\t\t\t\t\t\t\t\t\t\t\t\t\t\t\t<\/div>\n\t\t\t\t<\/div>\n\t\t\t\t<\/div>\n\t\t\t\t<\/div>\n\t\t<div class=\"elementor-element elementor-element-3f86b87 e-flex e-con-boxed e-con e-parent\" data-id=\"3f86b87\" data-element_type=\"container\" data-e-type=\"container\">\n\t\t\t\t\t<div class=\"e-con-inner\">\n\t\t<div class=\"elementor-element elementor-element-3e82428 e-con-full e-flex e-con e-child\" data-id=\"3e82428\" data-element_type=\"container\" data-e-type=\"container\">\n\t\t\t\t<div class=\"elementor-element elementor-element-68a2987 elementor-widget elementor-widget-heading\" data-id=\"68a2987\" data-element_type=\"widget\" data-e-type=\"widget\" data-widget_type=\"heading.default\">\n\t\t\t\t<div class=\"elementor-widget-container\">\n\t\t\t\t\t<h1 class=\"elementor-heading-title elementor-size-default\">T\u00e9rminos y Condiciones<\/h1>\t\t\t\t<\/div>\n\t\t\t\t<\/div>\n\t\t\t\t<div class=\"elementor-element elementor-element-f49bef1 elementor-widget elementor-widget-text-editor\" data-id=\"f49bef1\" data-element_type=\"widget\" data-e-type=\"widget\" data-widget_type=\"text-editor.default\">\n\t\t\t\t<div class=\"elementor-widget-container\">\n\t\t\t\t\t\t\t\t\t<h4><a href=\"https:\/\/www.lekka.io\/es\/terms-and-conditions-2025-03\/\">Condiciones Generales de Uso de Lekka<\/a><\/h4>\t\t\t\t\t\t\t\t<\/div>\n\t\t\t\t<\/div>\n\t\t\t\t<div class=\"elementor-element elementor-element-24e38ab elementor-widget elementor-widget-text-editor\" data-id=\"24e38ab\" data-element_type=\"widget\" data-e-type=\"widget\" data-widget_type=\"text-editor.default\">\n\t\t\t\t<div class=\"elementor-widget-container\">\n\t\t\t\t\t\t\t\t\t<h4><a href=\"https:\/\/www.lekka.io\/es\/conditions-generales-paynetics-ad-2025-03\/\">T\u00e9rminos y Condiciones de Paynetics AD para los residentes europeos<\/a><\/h4>\t\t\t\t\t\t\t\t<\/div>\n\t\t\t\t<\/div>\n\t\t\t\t<div class=\"elementor-element elementor-element-2e94a52 elementor-widget elementor-widget-text-editor\" data-id=\"2e94a52\" data-element_type=\"widget\" data-e-type=\"widget\" data-widget_type=\"text-editor.default\">\n\t\t\t\t<div class=\"elementor-widget-container\">\n\t\t\t\t\t\t\t\t\t<h4><a href=\"https:\/\/www.lekka.io\/es\/cardholder-uk-terms-conditions-2024-08\/\" data-wplink-edit=\"true\">T\u00e9rminos y Condiciones de Paynetics UK para los residentes del Reino Unido<\/a><\/h4>\t\t\t\t\t\t\t\t<\/div>\n\t\t\t\t<\/div>\n\t\t\t\t<\/div>\n\t\t<div class=\"elementor-element elementor-element-39671e1 e-con-full e-flex e-con e-child\" data-id=\"39671e1\" data-element_type=\"container\" data-e-type=\"container\" id=\"privacy\">\n\t\t\t\t<div class=\"elementor-element elementor-element-5067bcf elementor-widget elementor-widget-heading\" data-id=\"5067bcf\" data-element_type=\"widget\" data-e-type=\"widget\" data-widget_type=\"heading.default\">\n\t\t\t\t<div class=\"elementor-widget-container\">\n\t\t\t\t\t<h1 class=\"elementor-heading-title elementor-size-default\">Pol\u00edtica de protecci\u00f3n de datos<\/h1>\t\t\t\t<\/div>\n\t\t\t\t<\/div>\n\t\t\t\t<div class=\"elementor-element elementor-element-9eda97e elementor-widget elementor-widget-text-editor\" data-id=\"9eda97e\" data-element_type=\"widget\" data-e-type=\"widget\" data-widget_type=\"text-editor.default\">\n\t\t\t\t<div class=\"elementor-widget-container\">\n\t\t\t\t\t\t\t\t\t<h4><a href=\"https:\/\/www.lekka.io\/es\/politica-de-proteccion-de-datos-fair-ezone-2025-03\/\">Pol\u00edtica de protecci\u00f3n de datos - Fair-eZone<\/a><\/h4>\t\t\t\t\t\t\t\t<\/div>\n\t\t\t\t<\/div>\n\t\t\t\t<div class=\"elementor-element elementor-element-294455a elementor-widget elementor-widget-text-editor\" data-id=\"294455a\" data-element_type=\"widget\" data-e-type=\"widget\" data-widget_type=\"text-editor.default\">\n\t\t\t\t<div class=\"elementor-widget-container\">\n\t\t\t\t\t\t\t\t\t<h4><a href=\"https:\/\/www.lekka.io\/es\/politica-de-proteccion-de-datos-paynetics-2025-03\/\">Pol\u00edtica de protecci\u00f3n de datos - Paynetics<\/a><\/h4>\t\t\t\t\t\t\t\t<\/div>\n\t\t\t\t<\/div>\n\t\t\t\t<\/div>\n\t\t\t\t\t<\/div>\n\t\t\t\t<\/div>\n\t\t\t\t<\/div>","protected":false},"excerpt":{"rendered":"<p>Condiciones generales Condiciones generales de uso de Lekka Condiciones generales de Paynetics AD para residentes europeos Condiciones generales de Paynetics UK para residentes en el Reino Unido Pol\u00edtica de protecci\u00f3n de datos Pol\u00edtica de protecci\u00f3n de datos - Fair-eZone Pol\u00edtica de protecci\u00f3n de datos - Paynetics<\/p>","protected":false},"author":15,"featured_media":3800,"parent":0,"menu_order":0,"comment_status":"closed","ping_status":"closed","template":"","meta":{"_acf_changed":false,"inline_featured_image":false,"footnotes":""},"folder":[84],"class_list":["post-8296","page","type-page","status-publish","has-post-thumbnail","hentry"],"acf":[],"yoast_head":"<!-- This site is optimized with the Yoast SEO plugin v27.4 - https:\/\/yoast.com\/product\/yoast-seo-wordpress\/ -->\n<title>Conditions g\u00e9n\u00e9rales - Sommaire - Lekka. Sharing more than money<\/title>\n<meta name=\"description\" content=\"Conditions g\u00e9n\u00e9rales\" \/>\n<meta name=\"robots\" content=\"noindex, nofollow\" \/>\n<meta property=\"og:locale\" content=\"es_ES\" \/>\n<meta property=\"og:type\" content=\"article\" \/>\n<meta property=\"og:title\" content=\"Conditions g\u00e9n\u00e9rales - Sommaire - Lekka. Sharing more than money\" \/>\n<meta property=\"og:description\" content=\"Conditions g\u00e9n\u00e9rales\" \/>\n<meta property=\"og:url\" content=\"https:\/\/www.lekka.io\/es\/terminos-y-condiciones-resumen\/\" \/>\n<meta property=\"og:site_name\" content=\"Lekka. Sharing more than money\" \/>\n<meta property=\"article:modified_time\" content=\"2025-04-23T07:05:23+00:00\" \/>\n<meta property=\"og:image\" content=\"https:\/\/www.lekka.io\/wp-content\/uploads\/2020\/09\/Favicon_final.png\" \/>\n\t<meta property=\"og:image:width\" content=\"512\" \/>\n\t<meta property=\"og:image:height\" content=\"512\" \/>\n\t<meta property=\"og:image:type\" content=\"image\/png\" \/>\n<meta name=\"twitter:card\" content=\"summary_large_image\" \/>\n<meta name=\"twitter:label1\" content=\"Tiempo de lectura\" \/>\n\t<meta name=\"twitter:data1\" content=\"1 minuto\" \/>\n<script type=\"application\/ld+json\" class=\"yoast-schema-graph\">{\"@context\":\"https:\\\/\\\/schema.org\",\"@graph\":[{\"@type\":\"WebPage\",\"@id\":\"https:\\\/\\\/www.lekka.io\\\/conditions-generales-sommaire\\\/\",\"url\":\"https:\\\/\\\/www.lekka.io\\\/conditions-generales-sommaire\\\/\",\"name\":\"Conditions g\u00e9n\u00e9rales - Sommaire - Lekka. Sharing more than money\",\"isPartOf\":{\"@id\":\"https:\\\/\\\/www.lekka.io\\\/#website\"},\"primaryImageOfPage\":{\"@id\":\"https:\\\/\\\/www.lekka.io\\\/conditions-generales-sommaire\\\/#primaryimage\"},\"image\":{\"@id\":\"https:\\\/\\\/www.lekka.io\\\/conditions-generales-sommaire\\\/#primaryimage\"},\"thumbnailUrl\":\"https:\\\/\\\/www.lekka.io\\\/wp-content\\\/uploads\\\/2020\\\/09\\\/Favicon_final.png\",\"datePublished\":\"2023-11-29T14:36:24+00:00\",\"dateModified\":\"2025-04-23T07:05:23+00:00\",\"description\":\"Conditions g\u00e9n\u00e9rales\",\"breadcrumb\":{\"@id\":\"https:\\\/\\\/www.lekka.io\\\/conditions-generales-sommaire\\\/#breadcrumb\"},\"inLanguage\":\"es\",\"potentialAction\":[{\"@type\":\"ReadAction\",\"target\":[\"https:\\\/\\\/www.lekka.io\\\/conditions-generales-sommaire\\\/\"]}]},{\"@type\":\"ImageObject\",\"inLanguage\":\"es\",\"@id\":\"https:\\\/\\\/www.lekka.io\\\/conditions-generales-sommaire\\\/#primaryimage\",\"url\":\"https:\\\/\\\/www.lekka.io\\\/wp-content\\\/uploads\\\/2020\\\/09\\\/Favicon_final.png\",\"contentUrl\":\"https:\\\/\\\/www.lekka.io\\\/wp-content\\\/uploads\\\/2020\\\/09\\\/Favicon_final.png\",\"width\":512,\"height\":512},{\"@type\":\"BreadcrumbList\",\"@id\":\"https:\\\/\\\/www.lekka.io\\\/conditions-generales-sommaire\\\/#breadcrumb\",\"itemListElement\":[{\"@type\":\"ListItem\",\"position\":1,\"name\":\"Accueil\",\"item\":\"https:\\\/\\\/www.lekka.io\\\/\"},{\"@type\":\"ListItem\",\"position\":2,\"name\":\"Conditions g\u00e9n\u00e9rales &#8211; Sommaire\"}]},{\"@type\":\"WebSite\",\"@id\":\"https:\\\/\\\/www.lekka.io\\\/#website\",\"url\":\"https:\\\/\\\/www.lekka.io\\\/\",\"name\":\"Lekka. Sharing more than money\",\"description\":\"Sharing more than money\",\"publisher\":{\"@id\":\"https:\\\/\\\/www.lekka.io\\\/#organization\"},\"potentialAction\":[{\"@type\":\"SearchAction\",\"target\":{\"@type\":\"EntryPoint\",\"urlTemplate\":\"https:\\\/\\\/www.lekka.io\\\/?s={search_term_string}\"},\"query-input\":{\"@type\":\"PropertyValueSpecification\",\"valueRequired\":true,\"valueName\":\"search_term_string\"}}],\"inLanguage\":\"es\"},{\"@type\":\"Organization\",\"@id\":\"https:\\\/\\\/www.lekka.io\\\/#organization\",\"name\":\"Lekka. Sharing more than money\",\"url\":\"https:\\\/\\\/www.lekka.io\\\/\",\"logo\":{\"@type\":\"ImageObject\",\"inLanguage\":\"es\",\"@id\":\"https:\\\/\\\/www.lekka.io\\\/#\\\/schema\\\/logo\\\/image\\\/\",\"url\":\"https:\\\/\\\/www.lekka.io\\\/wp-content\\\/uploads\\\/2024\\\/08\\\/Lekka-rectangular.webp\",\"contentUrl\":\"https:\\\/\\\/www.lekka.io\\\/wp-content\\\/uploads\\\/2024\\\/08\\\/Lekka-rectangular.webp\",\"width\":1536,\"height\":355,\"caption\":\"Lekka. Sharing more than money\"},\"image\":{\"@id\":\"https:\\\/\\\/www.lekka.io\\\/#\\\/schema\\\/logo\\\/image\\\/\"}}]}<\/script>\n<!-- \/ Yoast SEO plugin. -->","yoast_head_json":{"title":"T\u00e9rminos y condiciones - Contenidos - Lekka. Compartir algo m\u00e1s que dinero","description":"Condiciones generales","robots":{"index":"noindex","follow":"nofollow"},"og_locale":"es_ES","og_type":"article","og_title":"Conditions g\u00e9n\u00e9rales - Sommaire - Lekka. Sharing more than money","og_description":"Conditions g\u00e9n\u00e9rales","og_url":"https:\/\/www.lekka.io\/es\/terminos-y-condiciones-resumen\/","og_site_name":"Lekka. Sharing more than money","article_modified_time":"2025-04-23T07:05:23+00:00","og_image":[{"width":512,"height":512,"url":"https:\/\/www.lekka.io\/wp-content\/uploads\/2020\/09\/Favicon_final.png","type":"image\/png"}],"twitter_card":"summary_large_image","twitter_misc":{"Tiempo de lectura":"1 minuto"},"schema":{"@context":"https:\/\/schema.org","@graph":[{"@type":"WebPage","@id":"https:\/\/www.lekka.io\/conditions-generales-sommaire\/","url":"https:\/\/www.lekka.io\/conditions-generales-sommaire\/","name":"T\u00e9rminos y condiciones - Contenidos - Lekka. Compartir algo m\u00e1s que dinero","isPartOf":{"@id":"https:\/\/www.lekka.io\/#website"},"primaryImageOfPage":{"@id":"https:\/\/www.lekka.io\/conditions-generales-sommaire\/#primaryimage"},"image":{"@id":"https:\/\/www.lekka.io\/conditions-generales-sommaire\/#primaryimage"},"thumbnailUrl":"https:\/\/www.lekka.io\/wp-content\/uploads\/2020\/09\/Favicon_final.png","datePublished":"2023-11-29T14:36:24+00:00","dateModified":"2025-04-23T07:05:23+00:00","description":"Condiciones generales","breadcrumb":{"@id":"https:\/\/www.lekka.io\/conditions-generales-sommaire\/#breadcrumb"},"inLanguage":"es","potentialAction":[{"@type":"ReadAction","target":["https:\/\/www.lekka.io\/conditions-generales-sommaire\/"]}]},{"@type":"ImageObject","inLanguage":"es","@id":"https:\/\/www.lekka.io\/conditions-generales-sommaire\/#primaryimage","url":"https:\/\/www.lekka.io\/wp-content\/uploads\/2020\/09\/Favicon_final.png","contentUrl":"https:\/\/www.lekka.io\/wp-content\/uploads\/2020\/09\/Favicon_final.png","width":512,"height":512},{"@type":"BreadcrumbList","@id":"https:\/\/www.lekka.io\/conditions-generales-sommaire\/#breadcrumb","itemListElement":[{"@type":"ListItem","position":1,"name":"Accueil","item":"https:\/\/www.lekka.io\/"},{"@type":"ListItem","position":2,"name":"Conditions g\u00e9n\u00e9rales &#8211; Sommaire"}]},{"@type":"WebSite","@id":"https:\/\/www.lekka.io\/#website","url":"https:\/\/www.lekka.io\/","name":"Lekka. Compartir algo m\u00e1s que dinero","description":"Compartir algo m\u00e1s que dinero","publisher":{"@id":"https:\/\/www.lekka.io\/#organization"},"potentialAction":[{"@type":"SearchAction","target":{"@type":"EntryPoint","urlTemplate":"https:\/\/www.lekka.io\/?s={search_term_string}"},"query-input":{"@type":"PropertyValueSpecification","valueRequired":true,"valueName":"search_term_string"}}],"inLanguage":"es"},{"@type":"Organization","@id":"https:\/\/www.lekka.io\/#organization","name":"Lekka. Compartir algo m\u00e1s que dinero","url":"https:\/\/www.lekka.io\/","logo":{"@type":"ImageObject","inLanguage":"es","@id":"https:\/\/www.lekka.io\/#\/schema\/logo\/image\/","url":"https:\/\/www.lekka.io\/wp-content\/uploads\/2024\/08\/Lekka-rectangular.webp","contentUrl":"https:\/\/www.lekka.io\/wp-content\/uploads\/2024\/08\/Lekka-rectangular.webp","width":1536,"height":355,"caption":"Lekka. Sharing more than money"},"image":{"@id":"https:\/\/www.lekka.io\/#\/schema\/logo\/image\/"}}]}},"_links":{"self":[{"href":"https:\/\/www.lekka.io\/es\/wp-json\/wp\/v2\/pages\/8296","targetHints":{"allow":["GET"]}}],"collection":[{"href":"https:\/\/www.lekka.io\/es\/wp-json\/wp\/v2\/pages"}],"about":[{"href":"https:\/\/www.lekka.io\/es\/wp-json\/wp\/v2\/types\/page"}],"author":[{"embeddable":true,"href":"https:\/\/www.lekka.io\/es\/wp-json\/wp\/v2\/users\/15"}],"replies":[{"embeddable":true,"href":"https:\/\/www.lekka.io\/es\/wp-json\/wp\/v2\/comments?post=8296"}],"version-history":[{"count":48,"href":"https:\/\/www.lekka.io\/es\/wp-json\/wp\/v2\/pages\/8296\/revisions"}],"predecessor-version":[{"id":10357,"href":"https:\/\/www.lekka.io\/es\/wp-json\/wp\/v2\/pages\/8296\/revisions\/10357"}],"wp:featuredmedia":[{"embeddable":true,"href":"https:\/\/www.lekka.io\/es\/wp-json\/wp\/v2\/media\/3800"}],"wp:attachment":[{"href":"https:\/\/www.lekka.io\/es\/wp-json\/wp\/v2\/media?parent=8296"}],"wp:term":[{"taxonomy":"folder","embeddable":true,"href":"https:\/\/www.lekka.io\/es\/wp-json\/wp\/v2\/folder?post=8296"}],"curies":[{"name":"wp","href":"https:\/\/api.w.org\/{rel}","templated":true}]}}