{"id":3482,"date":"2020-08-10T13:35:38","date_gmt":"2020-08-10T13:35:38","guid":{"rendered":"https:\/\/stagmypocketio.fair-ezone.com:4443\/?page_id=3482"},"modified":"2025-07-29T15:18:11","modified_gmt":"2025-07-29T15:18:11","slug":"getapp","status":"publish","type":"page","link":"https:\/\/www.lekka.io\/es\/getapp\/","title":{"rendered":"Descargar la aplicaci\u00f3n Lekka"},"content":{"rendered":"\t\t<div data-elementor-type=\"wp-post\" data-elementor-id=\"3482\" class=\"elementor elementor-3482\" data-elementor-post-type=\"page\">\n\t\t\t\t\t\t<section class=\"elementor-section elementor-top-section elementor-element elementor-element-8861198 elementor-section-full_width elementor-section-height-full elementor-section-items-top elementor-section-height-default\" data-id=\"8861198\" data-element_type=\"section\" data-e-type=\"section\" data-settings=\"{&quot;background_background&quot;:&quot;classic&quot;}\">\n\t\t\t\t\t\t<div class=\"elementor-container elementor-column-gap-default\">\n\t\t\t\t\t<div class=\"elementor-column elementor-col-100 elementor-top-column elementor-element elementor-element-35f2ee0\" data-id=\"35f2ee0\" data-element_type=\"column\" data-e-type=\"column\">\n\t\t\t<div class=\"elementor-widget-wrap elementor-element-populated\">\n\t\t\t\t\t\t<div class=\"elementor-element elementor-element-5f08fbe elementor-align-right elementor-widget elementor-widget-button\" data-id=\"5f08fbe\" data-element_type=\"widget\" data-e-type=\"widget\" data-widget_type=\"button.default\">\n\t\t\t\t<div class=\"elementor-widget-container\">\n\t\t\t\t\t\t\t\t\t<div class=\"elementor-button-wrapper\">\n\t\t\t\t\t<a class=\"elementor-button elementor-button-link elementor-size-lg\" href=\"https:\/\/www.lekka.io\/\" id=\"closeButton\">\n\t\t\t\t\t\t<span class=\"elementor-button-content-wrapper\">\n\t\t\t\t\t\t<span class=\"elementor-button-icon\">\n\t\t\t\t<i aria-hidden=\"true\" class=\"fas fa-times\"><\/i>\t\t\t<\/span>\n\t\t\t\t\t\t\t\t<\/span>\n\t\t\t\t\t<\/a>\n\t\t\t\t<\/div>\n\t\t\t\t\t\t\t\t<\/div>\n\t\t\t\t<\/div>\n\t\t\t\t<div class=\"elementor-element elementor-element-e0fdbbc elementor-widget elementor-widget-heading\" data-id=\"e0fdbbc\" data-element_type=\"widget\" data-e-type=\"widget\" data-widget_type=\"heading.default\">\n\t\t\t\t<div class=\"elementor-widget-container\">\n\t\t\t\t\t<h2 class=\"elementor-heading-title elementor-size-xl\">Pour nous rejoindre, t\u00e9l\u00e9chargez l'application Lekka...<\/h2>\t\t\t\t<\/div>\n\t\t\t\t<\/div>\n\t\t\t\t<div class=\"elementor-element elementor-element-9bd0d32 elementor-widget elementor-widget-heading\" data-id=\"9bd0d32\" data-element_type=\"widget\" data-e-type=\"widget\" data-widget_type=\"heading.default\">\n\t\t\t\t<div class=\"elementor-widget-container\">\n\t\t\t\t\t<h4 class=\"elementor-heading-title elementor-size-large\">... en scannant ce QR code :<\/h4>\t\t\t\t<\/div>\n\t\t\t\t<\/div>\n\t\t\t\t<div class=\"elementor-element elementor-element-d1e5038 elementor-widget elementor-widget-html\" data-id=\"d1e5038\" data-element_type=\"widget\" data-e-type=\"widget\" data-widget_type=\"html.default\">\n\t\t\t\t<div class=\"elementor-widget-container\">\n\t\t\t\t\t<svg id=\"QR\" width=\"200px\" height=\"200px\" xmlns=\"http:\/\/www.w3.org\/2000\/svg\" version=\"1.1\" viewBox=\"0 0 25 25\" stroke=\"none\"><path d=\"M0,0h1v1h-1z M1,0h1v1h-1z M2,0h1v1h-1z M3,0h1v1h-1z M4,0h1v1h-1z M5,0h1v1h-1z M6,0h1v1h-1z M8,0h1v1h-1z M9,0h1v1h-1z M10,0h1v1h-1z M11,0h1v1h-1z M14,0h1v1h-1z M16,0h1v1h-1z M18,0h1v1h-1z M19,0h1v1h-1z M20,0h1v1h-1z M21,0h1v1h-1z M22,0h1v1h-1z M23,0h1v1h-1z M24,0h1v1h-1z M0,1h1v1h-1z M6,1h1v1h-1z M11,1h1v1h-1z M12,1h1v1h-1z M16,1h1v1h-1z M18,1h1v1h-1z M24,1h1v1h-1z M0,2h1v1h-1z M2,2h1v1h-1z M3,2h1v1h-1z M4,2h1v1h-1z M6,2h1v1h-1z M9,2h1v1h-1z M11,2h1v1h-1z M13,2h1v1h-1z M15,2h1v1h-1z M16,2h1v1h-1z M18,2h1v1h-1z M20,2h1v1h-1z M21,2h1v1h-1z M22,2h1v1h-1z M24,2h1v1h-1z M0,3h1v1h-1z M2,3h1v1h-1z M3,3h1v1h-1z M4,3h1v1h-1z M6,3h1v1h-1z M10,3h1v1h-1z M11,3h1v1h-1z M13,3h1v1h-1z M16,3h1v1h-1z M18,3h1v1h-1z M20,3h1v1h-1z M21,3h1v1h-1z M22,3h1v1h-1z M24,3h1v1h-1z M0,4h1v1h-1z M2,4h1v1h-1z M3,4h1v1h-1z M4,4h1v1h-1z M6,4h1v1h-1z M10,4h1v1h-1z M11,4h1v1h-1z M12,4h1v1h-1z M13,4h1v1h-1z M14,4h1v1h-1z M16,4h1v1h-1z M18,4h1v1h-1z M20,4h1v1h-1z M21,4h1v1h-1z M22,4h1v1h-1z M24,4h1v1h-1z M0,5h1v1h-1z M6,5h1v1h-1z M9,5h1v1h-1z M11,5h1v1h-1z M18,5h1v1h-1z M24,5h1v1h-1z M0,6h1v1h-1z M1,6h1v1h-1z M2,6h1v1h-1z M3,6h1v1h-1z M4,6h1v1h-1z M5,6h1v1h-1z M6,6h1v1h-1z M8,6h1v1h-1z M10,6h1v1h-1z M12,6h1v1h-1z M14,6h1v1h-1z M16,6h1v1h-1z M18,6h1v1h-1z M19,6h1v1h-1z M20,6h1v1h-1z M21,6h1v1h-1z M22,6h1v1h-1z M23,6h1v1h-1z M24,6h1v1h-1z M8,7h1v1h-1z M9,7h1v1h-1z M12,7h1v1h-1z M13,7h1v1h-1z M15,7h1v1h-1z M0,8h1v1h-1z M1,8h1v1h-1z M3,8h1v1h-1z M4,8h1v1h-1z M6,8h1v1h-1z M9,8h1v1h-1z M12,8h1v1h-1z M14,8h1v1h-1z M16,8h1v1h-1z M18,8h1v1h-1z M24,8h1v1h-1z M4,9h1v1h-1z M7,9h1v1h-1z M8,9h1v1h-1z M10,9h1v1h-1z M13,9h1v1h-1z M14,9h1v1h-1z M15,9h1v1h-1z M17,9h1v1h-1z M19,9h1v1h-1z M20,9h1v1h-1z M21,9h1v1h-1z M22,9h1v1h-1z M23,9h1v1h-1z M0,10h1v1h-1z M2,10h1v1h-1z M6,10h1v1h-1z M7,10h1v1h-1z M8,10h1v1h-1z M9,10h1v1h-1z M12,10h1v1h-1z M13,10h1v1h-1z M15,10h1v1h-1z M16,10h1v1h-1z M18,10h1v1h-1z M19,10h1v1h-1z M21,10h1v1h-1z M24,10h1v1h-1z M3,11h1v1h-1z M4,11h1v1h-1z M5,11h1v1h-1z M14,11h1v1h-1z M15,11h1v1h-1z M16,11h1v1h-1z M19,11h1v1h-1z M21,11h1v1h-1z M22,11h1v1h-1z M23,11h1v1h-1z M24,11h1v1h-1z M3,12h1v1h-1z M4,12h1v1h-1z M6,12h1v1h-1z M8,12h1v1h-1z M9,12h1v1h-1z M10,12h1v1h-1z M14,12h1v1h-1z M16,12h1v1h-1z M18,12h1v1h-1z M24,12h1v1h-1z M0,13h1v1h-1z M2,13h1v1h-1z M3,13h1v1h-1z M4,13h1v1h-1z M5,13h1v1h-1z M8,13h1v1h-1z M10,13h1v1h-1z M12,13h1v1h-1z M14,13h1v1h-1z M15,13h1v1h-1z M16,13h1v1h-1z M17,13h1v1h-1z M20,13h1v1h-1z M23,13h1v1h-1z M0,14h1v1h-1z M1,14h1v1h-1z M6,14h1v1h-1z M7,14h1v1h-1z M8,14h1v1h-1z M9,14h1v1h-1z M10,14h1v1h-1z M14,14h1v1h-1z M15,14h1v1h-1z M17,14h1v1h-1z M18,14h1v1h-1z M20,14h1v1h-1z M21,14h1v1h-1z M22,14h1v1h-1z M23,14h1v1h-1z M24,14h1v1h-1z M0,15h1v1h-1z M4,15h1v1h-1z M5,15h1v1h-1z M7,15h1v1h-1z M8,15h1v1h-1z M12,15h1v1h-1z M17,15h1v1h-1z M19,15h1v1h-1z M21,15h1v1h-1z M22,15h1v1h-1z M24,15h1v1h-1z M0,16h1v1h-1z M2,16h1v1h-1z M4,16h1v1h-1z M6,16h1v1h-1z M7,16h1v1h-1z M9,16h1v1h-1z M10,16h1v1h-1z M11,16h1v1h-1z M12,16h1v1h-1z M13,16h1v1h-1z M15,16h1v1h-1z M16,16h1v1h-1z M17,16h1v1h-1z M18,16h1v1h-1z M19,16h1v1h-1z M20,16h1v1h-1z M22,16h1v1h-1z M23,16h1v1h-1z M8,17h1v1h-1z M9,17h1v1h-1z M11,17h1v1h-1z M16,17h1v1h-1z M20,17h1v1h-1z M22,17h1v1h-1z M23,17h1v1h-1z M0,18h1v1h-1z M1,18h1v1h-1z M2,18h1v1h-1z M3,18h1v1h-1z M4,18h1v1h-1z M5,18h1v1h-1z M6,18h1v1h-1z M12,18h1v1h-1z M16,18h1v1h-1z M18,18h1v1h-1z M20,18h1v1h-1z M24,18h1v1h-1z M0,19h1v1h-1z M6,19h1v1h-1z M9,19h1v1h-1z M11,19h1v1h-1z M13,19h1v1h-1z M15,19h1v1h-1z M16,19h1v1h-1z M20,19h1v1h-1z M24,19h1v1h-1z M0,20h1v1h-1z M2,20h1v1h-1z M3,20h1v1h-1z M4,20h1v1h-1z M6,20h1v1h-1z M8,20h1v1h-1z M9,20h1v1h-1z M11,20h1v1h-1z M12,20h1v1h-1z M14,20h1v1h-1z M15,20h1v1h-1z M16,20h1v1h-1z M17,20h1v1h-1z M18,20h1v1h-1z M19,20h1v1h-1z M20,20h1v1h-1z M0,21h1v1h-1z M2,21h1v1h-1z M3,21h1v1h-1z M4,21h1v1h-1z M6,21h1v1h-1z M8,21h1v1h-1z M9,21h1v1h-1z M12,21h1v1h-1z M14,21h1v1h-1z M16,21h1v1h-1z M18,21h1v1h-1z M23,21h1v1h-1z M24,21h1v1h-1z M0,22h1v1h-1z M2,22h1v1h-1z M3,22h1v1h-1z M4,22h1v1h-1z M6,22h1v1h-1z M9,22h1v1h-1z M11,22h1v1h-1z M12,22h1v1h-1z M16,22h1v1h-1z M17,22h1v1h-1z M20,22h1v1h-1z M21,22h1v1h-1z M22,22h1v1h-1z M23,22h1v1h-1z M24,22h1v1h-1z M0,23h1v1h-1z M6,23h1v1h-1z M8,23h1v1h-1z M9,23h1v1h-1z M10,23h1v1h-1z M11,23h1v1h-1z M14,23h1v1h-1z M19,23h1v1h-1z M20,23h1v1h-1z M22,23h1v1h-1z M23,23h1v1h-1z M24,23h1v1h-1z M0,24h1v1h-1z M1,24h1v1h-1z M2,24h1v1h-1z M3,24h1v1h-1z M4,24h1v1h-1z M5,24h1v1h-1z M6,24h1v1h-1z M8,24h1v1h-1z M10,24h1v1h-1z M11,24h1v1h-1z M16,24h1v1h-1z M17,24h1v1h-1z M21,24h1v1h-1z M24,24h1v1h-1z\" fill=\"#000000\" \/><\/svg>\t\t\t\t<\/div>\n\t\t\t\t<\/div>\n\t\t\t\t<div class=\"elementor-element elementor-element-a407a47 elementor-widget elementor-widget-heading\" data-id=\"a407a47\" data-element_type=\"widget\" data-e-type=\"widget\" data-widget_type=\"heading.default\">\n\t\t\t\t<div class=\"elementor-widget-container\">\n\t\t\t\t\t<h4 class=\"elementor-heading-title elementor-size-large\">... ou saisissez votre num\u00e9ro de t\u00e9l\u00e9phone :<\/h4>\t\t\t\t<\/div>\n\t\t\t\t<\/div>\n\t\t\t\t<div class=\"elementor-element elementor-element-095b7ac elementor-widget elementor-widget-html\" data-id=\"095b7ac\" data-element_type=\"widget\" data-e-type=\"widget\" data-widget_type=\"html.default\">\n\t\t\t\t<div class=\"elementor-widget-container\">\n\t\t\t\t\t<!--<div class=\"iframe-container\">-->\n\n<!--<iframe id=\"getapp-iframe\" class=\"responsive-iframe\" src=\"\"><\/iframe>-->\n\n<!--<\/div>-->\n\n<!--<script>-->\n\n<!--document.addEventListener('DOMContentLoaded', function(){ -->\n\n<!--        let lang = {-->\n<!--            'fr_FR' : 'fr',-->\n<!--            'en_GB' : 'en',-->\n<!--            'es_ES' : 'es'-->\n<!--        }-->\n        \n<!--        let url = \"https:\/\/www.lekka.io\/get-app?lang=\"+lang[getCookie('trp_language')];-->\n        \n<!--        document.getElementById('getapp-iframe').src = url;-->\n       \n<!--    }, false);-->\n    \n    \n    \n<!--    function getCookie(cname) {-->\n<!--  var name = cname + \"=\";-->\n<!--  var ca = document.cookie.split(';');-->\n<!--  for(var i = 0; i < ca.length; i++) {-->\n<!--    var c = ca[i];-->\n<!--    while (c.charAt(0) == ' ') {-->\n<!--      c = c.substring(1);-->\n<!--    }-->\n<!--    if (c.indexOf(name) == 0) {-->\n<!--      return c.substring(name.length, c.length);-->\n<!--    }-->\n<!--  }-->\n<!--  return \"\";-->\n<!--}-->\n\n<!--<\/script>-->\n\n\t\t\t\t<\/div>\n\t\t\t\t<\/div>\n\t\t\t\t\t<\/div>\n\t\t<\/div>\n\t\t\t\t\t<\/div>\n\t\t<\/section>\n\t\t\t\t<\/div>\n\t\t","protected":false},"excerpt":{"rendered":"<p>Para unirte a nosotros, descarga la app Lekka... ... escaneando este c\u00f3digo QR: ... o introduce tu n\u00famero de tel\u00e9fono :<\/p>","protected":false},"author":1,"featured_media":0,"parent":0,"menu_order":0,"comment_status":"closed","ping_status":"closed","template":"elementor_canvas","meta":{"_acf_changed":false,"inline_featured_image":false,"footnotes":""},"folder":[86],"class_list":["post-3482","page","type-page","status-publish","hentry"],"acf":[],"yoast_head":"<!-- This site is optimized with the Yoast SEO plugin v27.4 - https:\/\/yoast.com\/product\/yoast-seo-wordpress\/ -->\n<title>Download Lekka App - Lekka. Sharing more than money<\/title>\n<meta name=\"robots\" content=\"index, follow, max-snippet:-1, max-image-preview:large, max-video-preview:-1\" \/>\n<link rel=\"canonical\" href=\"https:\/\/www.lekka.io\/es\/getapp\/\" \/>\n<meta property=\"og:locale\" content=\"es_ES\" \/>\n<meta property=\"og:type\" content=\"article\" \/>\n<meta property=\"og:title\" content=\"Download Lekka App - Lekka. Sharing more than money\" \/>\n<meta property=\"og:description\" content=\"Pour nous rejoindre, t\u00e9l\u00e9chargez l&rsquo;application Lekka&#8230; &#8230; en scannant ce QR code : &#8230; ou saisissez votre num\u00e9ro de t\u00e9l\u00e9phone :\" \/>\n<meta property=\"og:url\" content=\"https:\/\/www.lekka.io\/es\/getapp\/\" \/>\n<meta property=\"og:site_name\" content=\"Lekka. Sharing more than money\" \/>\n<meta property=\"article:modified_time\" content=\"2025-07-29T15:18:11+00:00\" \/>\n<meta name=\"twitter:card\" content=\"summary_large_image\" \/>\n<meta name=\"twitter:label1\" content=\"Tiempo de lectura\" \/>\n\t<meta name=\"twitter:data1\" content=\"1 minuto\" \/>\n<script type=\"application\/ld+json\" class=\"yoast-schema-graph\">{\"@context\":\"https:\\\/\\\/schema.org\",\"@graph\":[{\"@type\":\"WebPage\",\"@id\":\"https:\\\/\\\/www.lekka.io\\\/getapp\\\/\",\"url\":\"https:\\\/\\\/www.lekka.io\\\/getapp\\\/\",\"name\":\"Download Lekka App - Lekka. Sharing more than money\",\"isPartOf\":{\"@id\":\"https:\\\/\\\/www.lekka.io\\\/#website\"},\"datePublished\":\"2020-08-10T13:35:38+00:00\",\"dateModified\":\"2025-07-29T15:18:11+00:00\",\"breadcrumb\":{\"@id\":\"https:\\\/\\\/www.lekka.io\\\/getapp\\\/#breadcrumb\"},\"inLanguage\":\"es\",\"potentialAction\":[{\"@type\":\"ReadAction\",\"target\":[\"https:\\\/\\\/www.lekka.io\\\/getapp\\\/\"]}]},{\"@type\":\"BreadcrumbList\",\"@id\":\"https:\\\/\\\/www.lekka.io\\\/getapp\\\/#breadcrumb\",\"itemListElement\":[{\"@type\":\"ListItem\",\"position\":1,\"name\":\"Accueil\",\"item\":\"https:\\\/\\\/www.lekka.io\\\/\"},{\"@type\":\"ListItem\",\"position\":2,\"name\":\"Download Lekka App\"}]},{\"@type\":\"WebSite\",\"@id\":\"https:\\\/\\\/www.lekka.io\\\/#website\",\"url\":\"https:\\\/\\\/www.lekka.io\\\/\",\"name\":\"Lekka. Sharing more than money\",\"description\":\"Sharing more than money\",\"publisher\":{\"@id\":\"https:\\\/\\\/www.lekka.io\\\/#organization\"},\"potentialAction\":[{\"@type\":\"SearchAction\",\"target\":{\"@type\":\"EntryPoint\",\"urlTemplate\":\"https:\\\/\\\/www.lekka.io\\\/?s={search_term_string}\"},\"query-input\":{\"@type\":\"PropertyValueSpecification\",\"valueRequired\":true,\"valueName\":\"search_term_string\"}}],\"inLanguage\":\"es\"},{\"@type\":\"Organization\",\"@id\":\"https:\\\/\\\/www.lekka.io\\\/#organization\",\"name\":\"Lekka. Sharing more than money\",\"url\":\"https:\\\/\\\/www.lekka.io\\\/\",\"logo\":{\"@type\":\"ImageObject\",\"inLanguage\":\"es\",\"@id\":\"https:\\\/\\\/www.lekka.io\\\/#\\\/schema\\\/logo\\\/image\\\/\",\"url\":\"https:\\\/\\\/www.lekka.io\\\/wp-content\\\/uploads\\\/2024\\\/08\\\/Lekka-rectangular.webp\",\"contentUrl\":\"https:\\\/\\\/www.lekka.io\\\/wp-content\\\/uploads\\\/2024\\\/08\\\/Lekka-rectangular.webp\",\"width\":1536,\"height\":355,\"caption\":\"Lekka. Sharing more than money\"},\"image\":{\"@id\":\"https:\\\/\\\/www.lekka.io\\\/#\\\/schema\\\/logo\\\/image\\\/\"}}]}<\/script>\n<!-- \/ Yoast SEO plugin. -->","yoast_head_json":{"title":"Descargar Lekka App - Lekka. Compartir m\u00e1s que dinero","robots":{"index":"index","follow":"follow","max-snippet":"max-snippet:-1","max-image-preview":"max-image-preview:large","max-video-preview":"max-video-preview:-1"},"canonical":"https:\/\/www.lekka.io\/es\/getapp\/","og_locale":"es_ES","og_type":"article","og_title":"Download Lekka App - Lekka. Sharing more than money","og_description":"Pour nous rejoindre, t\u00e9l\u00e9chargez l&rsquo;application Lekka&#8230; &#8230; en scannant ce QR code : &#8230; ou saisissez votre num\u00e9ro de t\u00e9l\u00e9phone :","og_url":"https:\/\/www.lekka.io\/es\/getapp\/","og_site_name":"Lekka. Sharing more than money","article_modified_time":"2025-07-29T15:18:11+00:00","twitter_card":"summary_large_image","twitter_misc":{"Tiempo de lectura":"1 minuto"},"schema":{"@context":"https:\/\/schema.org","@graph":[{"@type":"WebPage","@id":"https:\/\/www.lekka.io\/getapp\/","url":"https:\/\/www.lekka.io\/getapp\/","name":"Descargar Lekka App - Lekka. Compartir m\u00e1s que dinero","isPartOf":{"@id":"https:\/\/www.lekka.io\/#website"},"datePublished":"2020-08-10T13:35:38+00:00","dateModified":"2025-07-29T15:18:11+00:00","breadcrumb":{"@id":"https:\/\/www.lekka.io\/getapp\/#breadcrumb"},"inLanguage":"es","potentialAction":[{"@type":"ReadAction","target":["https:\/\/www.lekka.io\/getapp\/"]}]},{"@type":"BreadcrumbList","@id":"https:\/\/www.lekka.io\/getapp\/#breadcrumb","itemListElement":[{"@type":"ListItem","position":1,"name":"Accueil","item":"https:\/\/www.lekka.io\/"},{"@type":"ListItem","position":2,"name":"Download Lekka App"}]},{"@type":"WebSite","@id":"https:\/\/www.lekka.io\/#website","url":"https:\/\/www.lekka.io\/","name":"Lekka. Compartir algo m\u00e1s que dinero","description":"Compartir algo m\u00e1s que dinero","publisher":{"@id":"https:\/\/www.lekka.io\/#organization"},"potentialAction":[{"@type":"SearchAction","target":{"@type":"EntryPoint","urlTemplate":"https:\/\/www.lekka.io\/?s={search_term_string}"},"query-input":{"@type":"PropertyValueSpecification","valueRequired":true,"valueName":"search_term_string"}}],"inLanguage":"es"},{"@type":"Organization","@id":"https:\/\/www.lekka.io\/#organization","name":"Lekka. Compartir algo m\u00e1s que dinero","url":"https:\/\/www.lekka.io\/","logo":{"@type":"ImageObject","inLanguage":"es","@id":"https:\/\/www.lekka.io\/#\/schema\/logo\/image\/","url":"https:\/\/www.lekka.io\/wp-content\/uploads\/2024\/08\/Lekka-rectangular.webp","contentUrl":"https:\/\/www.lekka.io\/wp-content\/uploads\/2024\/08\/Lekka-rectangular.webp","width":1536,"height":355,"caption":"Lekka. Sharing more than money"},"image":{"@id":"https:\/\/www.lekka.io\/#\/schema\/logo\/image\/"}}]}},"_links":{"self":[{"href":"https:\/\/www.lekka.io\/es\/wp-json\/wp\/v2\/pages\/3482","targetHints":{"allow":["GET"]}}],"collection":[{"href":"https:\/\/www.lekka.io\/es\/wp-json\/wp\/v2\/pages"}],"about":[{"href":"https:\/\/www.lekka.io\/es\/wp-json\/wp\/v2\/types\/page"}],"author":[{"embeddable":true,"href":"https:\/\/www.lekka.io\/es\/wp-json\/wp\/v2\/users\/1"}],"replies":[{"embeddable":true,"href":"https:\/\/www.lekka.io\/es\/wp-json\/wp\/v2\/comments?post=3482"}],"version-history":[{"count":96,"href":"https:\/\/www.lekka.io\/es\/wp-json\/wp\/v2\/pages\/3482\/revisions"}],"predecessor-version":[{"id":10691,"href":"https:\/\/www.lekka.io\/es\/wp-json\/wp\/v2\/pages\/3482\/revisions\/10691"}],"wp:attachment":[{"href":"https:\/\/www.lekka.io\/es\/wp-json\/wp\/v2\/media?parent=3482"}],"wp:term":[{"taxonomy":"folder","embeddable":true,"href":"https:\/\/www.lekka.io\/es\/wp-json\/wp\/v2\/folder?post=3482"}],"curies":[{"name":"wp","href":"https:\/\/api.w.org\/{rel}","templated":true}]}}