{"id":10179,"date":"2025-04-09T12:41:42","date_gmt":"2025-04-09T12:41:42","guid":{"rendered":"https:\/\/www.lekka.io\/?page_id=10179"},"modified":"2025-04-09T17:20:37","modified_gmt":"2025-04-09T17:20:37","slug":"zone-sepa","status":"publish","type":"page","link":"https:\/\/www.lekka.io\/es\/zone-sepa\/","title":{"rendered":"Zona SEPA"},"content":{"rendered":"<div data-elementor-type=\"wp-page\" data-elementor-id=\"10179\" class=\"elementor elementor-10179\" data-elementor-post-type=\"page\">\n\t\t\t\t<div class=\"elementor-element elementor-element-33ab547 e-con-full e-flex e-con e-parent\" data-id=\"33ab547\" data-element_type=\"container\" data-e-type=\"container\" data-settings=\"{&quot;background_background&quot;:&quot;classic&quot;}\">\n\t\t<div class=\"elementor-element elementor-element-be403d3 e-grid e-con-full e-con e-child\" data-id=\"be403d3\" data-element_type=\"container\" data-e-type=\"container\">\n\t\t\t\t<div class=\"elementor-element elementor-element-92730a3 elementor-widget elementor-widget-image\" data-id=\"92730a3\" data-element_type=\"widget\" data-e-type=\"widget\" data-widget_type=\"image.default\">\n\t\t\t\t<div class=\"elementor-widget-container\">\n\t\t\t\t\t\t\t\t\t\t\t\t\t\t\t<img fetchpriority=\"high\" decoding=\"async\" width=\"364\" height=\"778\" src=\"https:\/\/www.lekka.io\/wp-content\/uploads\/2020\/07\/Group-22-1.png\" class=\"attachment-large size-large wp-image-2032\" alt=\"\" srcset=\"https:\/\/www.lekka.io\/wp-content\/uploads\/2020\/07\/Group-22-1.png 364w, https:\/\/www.lekka.io\/wp-content\/uploads\/2020\/07\/Group-22-1-140x300.png 140w\" sizes=\"(max-width: 364px) 100vw, 364px\" \/>\t\t\t\t\t\t\t\t\t\t\t\t\t\t\t<\/div>\n\t\t\t\t<\/div>\n\t\t\t\t<div class=\"elementor-element elementor-element-6909bcf elementor-widget elementor-widget-image\" data-id=\"6909bcf\" data-element_type=\"widget\" data-e-type=\"widget\" data-widget_type=\"image.default\">\n\t\t\t\t<div class=\"elementor-widget-container\">\n\t\t\t\t\t\t\t\t\t\t\t\t\t\t\t<img decoding=\"async\" width=\"411\" height=\"778\" src=\"https:\/\/www.lekka.io\/wp-content\/uploads\/2024\/08\/Group-20.webp\" class=\"attachment-large size-large wp-image-1723\" alt=\"\" srcset=\"https:\/\/www.lekka.io\/wp-content\/uploads\/2024\/08\/Group-20.webp 411w, https:\/\/www.lekka.io\/wp-content\/uploads\/2024\/08\/Group-20-158x300.webp 158w, https:\/\/www.lekka.io\/wp-content\/uploads\/2024\/08\/Group-20-6x12.webp 6w\" sizes=\"(max-width: 411px) 100vw, 411px\" \/>\t\t\t\t\t\t\t\t\t\t\t\t\t\t\t<\/div>\n\t\t\t\t<\/div>\n\t\t\t\t<\/div>\n\t\t\t\t<\/div>\n\t\t<div class=\"elementor-element elementor-element-0befd1c e-flex e-con-boxed e-con e-parent\" data-id=\"0befd1c\" data-element_type=\"container\" data-e-type=\"container\" data-settings=\"{&quot;background_background&quot;:&quot;classic&quot;}\">\n\t\t\t\t\t<div class=\"e-con-inner\">\n\t\t<div class=\"elementor-element elementor-element-3d8e10b e-con-full e-flex e-con e-child\" data-id=\"3d8e10b\" data-element_type=\"container\" data-e-type=\"container\" data-settings=\"{&quot;background_background&quot;:&quot;classic&quot;}\">\n\t\t\t\t<div class=\"elementor-element elementor-element-bd125b6 elementor-widget elementor-widget-heading\" data-id=\"bd125b6\" data-element_type=\"widget\" data-e-type=\"widget\" data-widget_type=\"heading.default\">\n\t\t\t\t<div class=\"elementor-widget-container\">\n\t\t\t\t\t<h2 class=\"elementor-heading-title elementor-size-default\">\u00bfQu\u00e9 pa\u00edses forman parte de la zona SEPA?<\/h2>\t\t\t\t<\/div>\n\t\t\t\t<\/div>\n\t\t\t\t<div class=\"elementor-element elementor-element-323fa10 elementor-widget elementor-widget-text-editor\" data-id=\"323fa10\" data-element_type=\"widget\" data-e-type=\"widget\" data-widget_type=\"text-editor.default\">\n\t\t\t\t<div class=\"elementor-widget-container\">\n\t\t\t\t\t\t\t\t\t<h2>Introducci\u00f3n<\/h2><p class=\"translation-block\">La <a href=\"https:\/\/www.europeanpaymentscouncil.eu\/about-sepa\" target=\"_blank\" rel=\"noopener\">zona SEPA<\/a>, que significa <em data-start=\"248\" data-end=\"275\">Single Euro Payments Area<\/em> (Zona \u00danica de Pagos en Euros), fue creada para simplificar las transferencias y domiciliaciones en euros entre pa\u00edses europeos.\nDesde 2014, todos los estados del Espacio Econ\u00f3mico Europeo (EEE) forman parte, con procedimientos unificados y mayor seguridad.\nEn abril de 2025, <a href=\"https:\/\/www.europeanpaymentscouncil.eu\/sites\/default\/files\/kb\/file\/2025-03\/EPC409-09EPCListofSEPASchemeCountriesv6.0.pdf\" target=\"_blank\" rel=\"noopener\">40 pa\u00edses<\/a> son miembros de esta zona.<\/p>\t\t\t\t\t\t\t\t<\/div>\n\t\t\t\t<\/div>\n\t\t\t\t<div class=\"elementor-element elementor-element-e5d34ab elementor-widget elementor-widget-text-editor\" data-id=\"e5d34ab\" data-element_type=\"widget\" data-e-type=\"widget\" data-widget_type=\"text-editor.default\">\n\t\t\t\t<div class=\"elementor-widget-container\">\n\t\t\t\t\t\t\t\t\t<h2>\u00bfQu\u00e9 es la zona SEPA?<\/h2><p class=\"\" data-start=\"854\" data-end=\"1070\">SEPA es un sistema creado a nivel europeo para que tanto los consumidores como las empresas puedan enviar y recibir euros dentro de Europa con la misma facilidad que un pago nacional.<\/p><p class=\"\" data-start=\"1072\" data-end=\"1456\">Esta infraestructura busca que las transferencias bancarias sean m\u00e1s r\u00e1pidas, transparentes y seguras. Por lo general, las operaciones se procesan online y se completan en unos segundos o, como mucho, en un d\u00eda h\u00e1bil, dependiendo del banco. El euro se utiliza como moneda \u00fanica (excepto en algunos pa\u00edses como el Reino Unido o Suiza, donde puede haber conversiones de divisa).<\/p><p>Esta armonizaci\u00f3n mejora la eficiencia operativa de las empresas y contribuye a la integraci\u00f3n financiera del continente.<\/p><p>La SEPA es parte integrante del mercado \u00fanico europeo<span style=\"font-weight: var( --e-global-typography-text-font-weight );\">.<\/span><\/p>\t\t\t\t\t\t\t\t<\/div>\n\t\t\t\t<\/div>\n\t\t\t\t<div class=\"elementor-element elementor-element-48d4ab3 elementor-widget elementor-widget-text-editor\" data-id=\"48d4ab3\" data-element_type=\"widget\" data-e-type=\"widget\" data-widget_type=\"text-editor.default\">\n\t\t\t\t<div class=\"elementor-widget-container\">\n\t\t\t\t\t\t\t\t\t<h2>Ventajas de la SEPA<\/h2><p data-start=\"1697\" data-end=\"1775\">Estas son las principales ventajas de la unificaci\u00f3n de pagos SEPA:<\/p><ul data-start=\"1777\" data-end=\"2527\"><li data-start=\"1777\" data-end=\"1914\"><p data-start=\"1779\" data-end=\"1914\"><strong data-start=\"1779\" data-end=\"1805\">Procesamiento estandarizado<\/strong> : ya sean transferencias o domiciliaciones, los procedimientos son iguales en todos los pa\u00edses miembros.<\/p><\/li><li data-start=\"1915\" data-end=\"2026\"><p data-start=\"1917\" data-end=\"2026\"><strong data-start=\"1917\" data-end=\"1940\">Menores costes<\/strong> : las comisiones por pagos transfronterizos han bajado mucho, o incluso han desaparecido.<\/p><\/li><li data-start=\"2027\" data-end=\"2158\"><p data-start=\"2029\" data-end=\"2158\"><strong data-start=\"2029\" data-end=\"2061\">Utilizaci\u00f3n de un \u00fanico IBAN<\/strong> : ya no hace falta gestionar distintos formatos de cuenta, con el IBAN basta para todas las transacciones.<\/p><\/li><li data-start=\"2159\" data-end=\"2278\"><p data-start=\"2161\" data-end=\"2278\"><strong data-start=\"2161\" data-end=\"2183\">Mayor seguridad<\/strong> : unas reglas comunes regulan las operaciones para proteger a los clientes y reducir el fraude.<\/p><\/li><li data-start=\"2279\" data-end=\"2413\"><p data-start=\"2281\" data-end=\"2413\"><strong data-start=\"2281\" data-end=\"2307\">M\u00e1s transparencia<\/strong> : los plazos, importes y comisiones son m\u00e1s claros, tanto para los clientes como para las empresas.<\/p><\/li><li data-start=\"2414\" data-end=\"2527\"><p data-start=\"2416\" data-end=\"2527\"><strong data-start=\"2416\" data-end=\"2438\">Menos papeleo<\/strong> : con un solo formulario basta para todos los pa\u00edses miembros, lo que facilita la gesti\u00f3n contable.<\/p><\/li><\/ul><p>Todos los bancos deben seguir las mismas reglas SEPA, lo que fomenta la competencia y, con suerte, mejores ofertas para los clientes.<\/p>\t\t\t\t\t\t\t\t<\/div>\n\t\t\t\t<\/div>\n\t\t\t\t<div class=\"elementor-element elementor-element-d14b3cf elementor-widget elementor-widget-text-editor\" data-id=\"d14b3cf\" data-element_type=\"widget\" data-e-type=\"widget\" data-widget_type=\"text-editor.default\">\n\t\t\t\t<div class=\"elementor-widget-container\">\n\t\t\t\t\t\t\t\t\t<h2>\u00bfQu\u00e9 pa\u00edses pertenecen a la zona SEPA?<\/h2>\n<p>En abril de 2025, la zona SEPA cuenta con 40 pa\u00edses miembros. Incluye pa\u00edses de la Uni\u00f3n Europea, del Espacio Econ\u00f3mico Europeo y otros estados o territorios que han adoptado las normas SEPA.<\/p>\n<p data-start=\"2982\" data-end=\"3008\"><strong>Los 27 Estados miembros de la UE:<\/strong><\/p>\n<ul data-start=\"3010\" data-end=\"3299\">\n<li data-start=\"3010\" data-end=\"3021\">\n<p data-start=\"3012\" data-end=\"3021\">Alemania<\/p>\n<\/li>\n<li data-start=\"3022\" data-end=\"3032\">\n<p data-start=\"3024\" data-end=\"3032\">Austria<\/p>\n<\/li>\n<li data-start=\"3033\" data-end=\"3043\">\n<p data-start=\"3035\" data-end=\"3043\">B\u00e9lgica<\/p>\n<\/li>\n<li data-start=\"3044\" data-end=\"3054\">\n<p data-start=\"3046\" data-end=\"3054\">Bulgaria<\/p>\n<\/li>\n<li data-start=\"3055\" data-end=\"3063\">\n<p data-start=\"3057\" data-end=\"3063\">Chipre<\/p>\n<\/li>\n<li data-start=\"3064\" data-end=\"3073\">\n<p data-start=\"3066\" data-end=\"3073\">Croacia<\/p>\n<\/li>\n<li data-start=\"3074\" data-end=\"3084\">\n<p data-start=\"3076\" data-end=\"3084\">Dinamarca<\/p>\n<\/li>\n<li data-start=\"3085\" data-end=\"3094\">\n<p data-start=\"3087\" data-end=\"3094\">Espa\u00f1a<\/p>\n<\/li>\n<li data-start=\"3095\" data-end=\"3104\">\n<p data-start=\"3097\" data-end=\"3104\">Estonia<\/p>\n<\/li>\n<li data-start=\"3105\" data-end=\"3115\">\n<p data-start=\"3107\" data-end=\"3115\">Finlandia<\/p>\n<\/li>\n<li data-start=\"3116\" data-end=\"3124\">\n<p data-start=\"3118\" data-end=\"3124\">Francia<\/p>\n<\/li>\n<li data-start=\"3125\" data-end=\"3132\">\n<p data-start=\"3127\" data-end=\"3132\">Grecia<\/p>\n<\/li>\n<li data-start=\"3133\" data-end=\"3142\">\n<p data-start=\"3135\" data-end=\"3142\">Hungr\u00eda<\/p>\n<\/li>\n<li data-start=\"3143\" data-end=\"3152\">\n<p data-start=\"3145\" data-end=\"3152\">Irlanda<\/p>\n<\/li>\n<li data-start=\"3153\" data-end=\"3161\">\n<p data-start=\"3155\" data-end=\"3161\">Italia<\/p>\n<\/li>\n<li data-start=\"3162\" data-end=\"3172\">\n<p data-start=\"3164\" data-end=\"3172\">Letonia<\/p>\n<\/li>\n<li data-start=\"3173\" data-end=\"3183\">\n<p data-start=\"3175\" data-end=\"3183\">Lituania<\/p>\n<\/li>\n<li data-start=\"3184\" data-end=\"3196\">\n<p data-start=\"3186\" data-end=\"3196\">Luxemburgo<\/p>\n<\/li>\n<li data-start=\"3197\" data-end=\"3204\">\n<p data-start=\"3199\" data-end=\"3204\">Malta<\/p>\n<\/li>\n<li data-start=\"3205\" data-end=\"3215\">\n<p data-start=\"3207\" data-end=\"3215\">Pa\u00edses Bajos<\/p>\n<\/li>\n<li data-start=\"3216\" data-end=\"3225\">\n<p data-start=\"3218\" data-end=\"3225\">Polonia<\/p>\n<\/li>\n<li data-start=\"3226\" data-end=\"3236\">\n<p data-start=\"3228\" data-end=\"3236\">Portugal<\/p>\n<\/li>\n<li data-start=\"3237\" data-end=\"3257\">\n<p data-start=\"3239\" data-end=\"3257\">Rep\u00fablica Checa<\/p>\n<\/li>\n<li data-start=\"3258\" data-end=\"3268\">\n<p data-start=\"3260\" data-end=\"3268\">Ruman\u00eda<\/p>\n<\/li>\n<li data-start=\"3269\" data-end=\"3280\">\n<p data-start=\"3271\" data-end=\"3280\">Eslovaquia<\/p>\n<\/li>\n<li data-start=\"3281\" data-end=\"3291\">\n<p data-start=\"3283\" data-end=\"3291\">Eslovenia<\/p>\n<\/li>\n<li data-start=\"3292\" data-end=\"3299\">\n<p data-start=\"3294\" data-end=\"3299\">Suecia<\/p>\n<\/li>\n<\/ul>\n<p><span style=\"font-weight: 600;\">Miembros del Espacio Econ\u00f3mico Europeo :<\/span><\/p>\n<ul data-start=\"3325\" data-end=\"3360\">\n<li data-start=\"3325\" data-end=\"3334\">\n<p data-start=\"3327\" data-end=\"3334\">Islandia<\/p>\n<\/li>\n<li data-start=\"3335\" data-end=\"3350\">\n<p data-start=\"3337\" data-end=\"3350\">Liechtenstein<\/p>\n<\/li>\n<li data-start=\"3351\" data-end=\"3360\">\n<p data-start=\"3353\" data-end=\"3360\">Noruega<\/p>\n<\/li>\n<\/ul>\n<p><span style=\"font-weight: 600;\">Otros pa\u00edses y territorios miembros :<\/span><b><\/b><\/p>\n<ul data-start=\"3404\" data-end=\"3633\"><li data-start=\"3404\" data-end=\"3429\"><p data-start=\"3406\" data-end=\"3429\">Albania <em data-start=\"3414\" data-end=\"3429\">(desde 2024)<\/em><\/p>\n<\/li>\n<li data-start=\"3430\" data-end=\"3439\">\n<p data-start=\"3432\" data-end=\"3439\">Andorra<\/p>\n<\/li>\n<li data-start=\"3440\" data-end=\"3451\">\n<p data-start=\"3442\" data-end=\"3451\">Gibraltar<\/p>\n<\/li>\n<li data-start=\"3452\" data-end=\"3463\">\n<p data-start=\"3454\" data-end=\"3463\">Guernsey<\/p>\n<\/li>\n<li data-start=\"3464\" data-end=\"3476\">\n<p data-start=\"3466\" data-end=\"3476\">Isla de Man<\/p>\n<\/li>\n<li data-start=\"3477\" data-end=\"3485\">\n<p data-start=\"3479\" data-end=\"3485\">Jersey<\/p>\n<\/li>\n<li data-start=\"3486\" data-end=\"3521\">\n<p data-start=\"3488\" data-end=\"3521\">Macedonia del Norte <em data-start=\"3506\" data-end=\"3521\">(desde 2025)<\/em><\/p>\n<\/li>\n<li data-start=\"3522\" data-end=\"3548\">\n<p data-start=\"3524\" data-end=\"3548\">Moldavia <em data-start=\"3533\" data-end=\"3548\">(desde 2025)<\/em><\/p>\n<\/li>\n<li data-start=\"3549\" data-end=\"3557\">\n<p data-start=\"3551\" data-end=\"3557\">M\u00f3naco<\/p>\n<\/li>\n<li data-start=\"3558\" data-end=\"3586\">\n<p data-start=\"3560\" data-end=\"3586\">Montenegro <em data-start=\"3571\" data-end=\"3586\">(desde 2024)<\/em><\/p>\n<\/li>\n<li data-start=\"3587\" data-end=\"3600\">\n<p data-start=\"3589\" data-end=\"3600\">San Marino<\/p>\n<\/li>\n<li data-start=\"3601\" data-end=\"3609\">\n<p data-start=\"3603\" data-end=\"3609\">Suiza<\/p>\n<\/li>\n<li data-start=\"3610\" data-end=\"3619\">\n<p data-start=\"3612\" data-end=\"3619\">Vaticano<\/p>\n<\/li>\n<li data-start=\"3620\" data-end=\"3633\">\n<p data-start=\"3622\" data-end=\"3633\">Reino Unido<\/p>\n<\/li>\n<\/ul>\n<p>Todos estos pa\u00edses permiten transferencias y adeudos directos SEPA, utilizando las mismas normas t\u00e9cnicas.<\/p>\t\t\t\t\t\t\t\t<\/div>\n\t\t\t\t<\/div>\n\t\t\t\t<div class=\"elementor-element elementor-element-3789d35 elementor-widget elementor-widget-text-editor\" data-id=\"3789d35\" data-element_type=\"widget\" data-e-type=\"widget\" data-widget_type=\"text-editor.default\">\n\t\t\t\t<div class=\"elementor-widget-container\">\n\t\t\t\t\t\t\t\t\t<h2>Pa\u00edses y territorios no pertenecientes a la zona SEPA<\/h2><p data-start=\"3779\" data-end=\"3902\" class=\"translation-block\">Aunque algunas regiones usan el euro \u2014 como <span style=\"font-weight: 600\">Groenlandia<\/span>, <span style=\"font-weight: 600\">las Islas Feroe<\/span>, <span style=\"font-weight: 600\">Kosovo<\/span> o <span style=\"font-weight: 600\">Montenegro<\/span> \u2014 su estatus no implica autom\u00e1ticamente que formen parte de SEPA. Otros pa\u00edses fuera de Europa tambi\u00e9n usan el formato IBAN sin pertenecer a SEPA: Turqu\u00eda, Ucrania, Emiratos \u00c1rabes Unidos, Arabia Saudita, Bielorrusia y Brasil.<\/p>\t\t\t\t\t\t\t\t<\/div>\n\t\t\t\t<\/div>\n\t\t\t\t<\/div>\n\t\t\t\t\t<\/div>\n\t\t\t\t<\/div>\n\t\t\t\t<\/div>","protected":false},"excerpt":{"rendered":"<p>Quels sont les pays membres de la zone SEPA ? Introduction La\u00a0zone SEPA, pour Single Euro Payments Area (Espace unique de paiements en euros), a \u00e9t\u00e9 mise en place pour simplifier les virements et pr\u00e9l\u00e8vements en euros entre les pays europ\u00e9ens. Depuis 2014, tous les \u00c9tats de l\u2019Espace \u00e9conomique europ\u00e9en (EEE) y participent, avec des [&hellip;]<\/p>\n","protected":false},"author":15,"featured_media":0,"parent":0,"menu_order":0,"comment_status":"closed","ping_status":"closed","template":"","meta":{"_acf_changed":false,"inline_featured_image":false,"footnotes":""},"folder":[86],"class_list":["post-10179","page","type-page","status-publish","hentry"],"acf":[],"yoast_head":"<!-- This site is optimized with the Yoast SEO plugin v27.4 - https:\/\/yoast.com\/product\/yoast-seo-wordpress\/ -->\n<title>Zone SEPA - Lekka. Sharing more than money<\/title>\n<meta name=\"robots\" content=\"index, follow, max-snippet:-1, max-image-preview:large, max-video-preview:-1\" \/>\n<link rel=\"canonical\" href=\"https:\/\/www.lekka.io\/es\/zone-sepa\/\" \/>\n<meta property=\"og:locale\" content=\"es_ES\" \/>\n<meta property=\"og:type\" content=\"article\" \/>\n<meta property=\"og:title\" content=\"Zone SEPA - Lekka. Sharing more than money\" \/>\n<meta property=\"og:description\" content=\"Quels sont les pays membres de la zone SEPA ? Introduction La\u00a0zone SEPA, pour Single Euro Payments Area (Espace unique de paiements en euros), a \u00e9t\u00e9 mise en place pour simplifier les virements et pr\u00e9l\u00e8vements en euros entre les pays europ\u00e9ens. Depuis 2014, tous les \u00c9tats de l\u2019Espace \u00e9conomique europ\u00e9en (EEE) y participent, avec des [&hellip;]\" \/>\n<meta property=\"og:url\" content=\"https:\/\/www.lekka.io\/es\/zone-sepa\/\" \/>\n<meta property=\"og:site_name\" content=\"Lekka. Sharing more than money\" \/>\n<meta property=\"article:modified_time\" content=\"2025-04-09T17:20:37+00:00\" \/>\n<meta property=\"og:image\" content=\"https:\/\/www.lekka.io\/wp-content\/uploads\/2020\/07\/Group-22-1.png\" \/>\n\t<meta property=\"og:image:width\" content=\"364\" \/>\n\t<meta property=\"og:image:height\" content=\"778\" \/>\n\t<meta property=\"og:image:type\" content=\"image\/png\" \/>\n<meta name=\"twitter:card\" content=\"summary_large_image\" \/>\n<meta name=\"twitter:label1\" content=\"Tiempo de lectura\" \/>\n\t<meta name=\"twitter:data1\" content=\"4 minutos\" \/>\n<script type=\"application\/ld+json\" class=\"yoast-schema-graph\">{\"@context\":\"https:\\\/\\\/schema.org\",\"@graph\":[{\"@type\":\"WebPage\",\"@id\":\"https:\\\/\\\/www.lekka.io\\\/zone-sepa\\\/\",\"url\":\"https:\\\/\\\/www.lekka.io\\\/zone-sepa\\\/\",\"name\":\"Zone SEPA - Lekka. Sharing more than money\",\"isPartOf\":{\"@id\":\"https:\\\/\\\/www.lekka.io\\\/#website\"},\"primaryImageOfPage\":{\"@id\":\"https:\\\/\\\/www.lekka.io\\\/zone-sepa\\\/#primaryimage\"},\"image\":{\"@id\":\"https:\\\/\\\/www.lekka.io\\\/zone-sepa\\\/#primaryimage\"},\"thumbnailUrl\":\"https:\\\/\\\/www.lekka.io\\\/wp-content\\\/uploads\\\/2020\\\/07\\\/Group-22-1.png\",\"datePublished\":\"2025-04-09T12:41:42+00:00\",\"dateModified\":\"2025-04-09T17:20:37+00:00\",\"breadcrumb\":{\"@id\":\"https:\\\/\\\/www.lekka.io\\\/zone-sepa\\\/#breadcrumb\"},\"inLanguage\":\"es\",\"potentialAction\":[{\"@type\":\"ReadAction\",\"target\":[\"https:\\\/\\\/www.lekka.io\\\/zone-sepa\\\/\"]}]},{\"@type\":\"ImageObject\",\"inLanguage\":\"es\",\"@id\":\"https:\\\/\\\/www.lekka.io\\\/zone-sepa\\\/#primaryimage\",\"url\":\"https:\\\/\\\/www.lekka.io\\\/wp-content\\\/uploads\\\/2020\\\/07\\\/Group-22-1.png\",\"contentUrl\":\"https:\\\/\\\/www.lekka.io\\\/wp-content\\\/uploads\\\/2020\\\/07\\\/Group-22-1.png\"},{\"@type\":\"BreadcrumbList\",\"@id\":\"https:\\\/\\\/www.lekka.io\\\/zone-sepa\\\/#breadcrumb\",\"itemListElement\":[{\"@type\":\"ListItem\",\"position\":1,\"name\":\"Accueil\",\"item\":\"https:\\\/\\\/www.lekka.io\\\/\"},{\"@type\":\"ListItem\",\"position\":2,\"name\":\"Zone SEPA\"}]},{\"@type\":\"WebSite\",\"@id\":\"https:\\\/\\\/www.lekka.io\\\/#website\",\"url\":\"https:\\\/\\\/www.lekka.io\\\/\",\"name\":\"Lekka. Sharing more than money\",\"description\":\"Sharing more than money\",\"publisher\":{\"@id\":\"https:\\\/\\\/www.lekka.io\\\/#organization\"},\"potentialAction\":[{\"@type\":\"SearchAction\",\"target\":{\"@type\":\"EntryPoint\",\"urlTemplate\":\"https:\\\/\\\/www.lekka.io\\\/?s={search_term_string}\"},\"query-input\":{\"@type\":\"PropertyValueSpecification\",\"valueRequired\":true,\"valueName\":\"search_term_string\"}}],\"inLanguage\":\"es\"},{\"@type\":\"Organization\",\"@id\":\"https:\\\/\\\/www.lekka.io\\\/#organization\",\"name\":\"Lekka. Sharing more than money\",\"url\":\"https:\\\/\\\/www.lekka.io\\\/\",\"logo\":{\"@type\":\"ImageObject\",\"inLanguage\":\"es\",\"@id\":\"https:\\\/\\\/www.lekka.io\\\/#\\\/schema\\\/logo\\\/image\\\/\",\"url\":\"https:\\\/\\\/www.lekka.io\\\/wp-content\\\/uploads\\\/2024\\\/08\\\/Lekka-rectangular.webp\",\"contentUrl\":\"https:\\\/\\\/www.lekka.io\\\/wp-content\\\/uploads\\\/2024\\\/08\\\/Lekka-rectangular.webp\",\"width\":1536,\"height\":355,\"caption\":\"Lekka. Sharing more than money\"},\"image\":{\"@id\":\"https:\\\/\\\/www.lekka.io\\\/#\\\/schema\\\/logo\\\/image\\\/\"}}]}<\/script>\n<!-- \/ Yoast SEO plugin. -->","yoast_head_json":{"title":"Zona SEPA - Lekka. Compartir algo m\u00e1s que dinero","robots":{"index":"index","follow":"follow","max-snippet":"max-snippet:-1","max-image-preview":"max-image-preview:large","max-video-preview":"max-video-preview:-1"},"canonical":"https:\/\/www.lekka.io\/es\/zone-sepa\/","og_locale":"es_ES","og_type":"article","og_title":"Zone SEPA - Lekka. Sharing more than money","og_description":"Quels sont les pays membres de la zone SEPA ? Introduction La\u00a0zone SEPA, pour Single Euro Payments Area (Espace unique de paiements en euros), a \u00e9t\u00e9 mise en place pour simplifier les virements et pr\u00e9l\u00e8vements en euros entre les pays europ\u00e9ens. Depuis 2014, tous les \u00c9tats de l\u2019Espace \u00e9conomique europ\u00e9en (EEE) y participent, avec des [&hellip;]","og_url":"https:\/\/www.lekka.io\/es\/zone-sepa\/","og_site_name":"Lekka. Sharing more than money","article_modified_time":"2025-04-09T17:20:37+00:00","og_image":[{"width":364,"height":778,"url":"https:\/\/www.lekka.io\/wp-content\/uploads\/2020\/07\/Group-22-1.png","type":"image\/png"}],"twitter_card":"summary_large_image","twitter_misc":{"Tiempo de lectura":"4 minutos"},"schema":{"@context":"https:\/\/schema.org","@graph":[{"@type":"WebPage","@id":"https:\/\/www.lekka.io\/zone-sepa\/","url":"https:\/\/www.lekka.io\/zone-sepa\/","name":"Zona SEPA - Lekka. Compartir algo m\u00e1s que dinero","isPartOf":{"@id":"https:\/\/www.lekka.io\/#website"},"primaryImageOfPage":{"@id":"https:\/\/www.lekka.io\/zone-sepa\/#primaryimage"},"image":{"@id":"https:\/\/www.lekka.io\/zone-sepa\/#primaryimage"},"thumbnailUrl":"https:\/\/www.lekka.io\/wp-content\/uploads\/2020\/07\/Group-22-1.png","datePublished":"2025-04-09T12:41:42+00:00","dateModified":"2025-04-09T17:20:37+00:00","breadcrumb":{"@id":"https:\/\/www.lekka.io\/zone-sepa\/#breadcrumb"},"inLanguage":"es","potentialAction":[{"@type":"ReadAction","target":["https:\/\/www.lekka.io\/zone-sepa\/"]}]},{"@type":"ImageObject","inLanguage":"es","@id":"https:\/\/www.lekka.io\/zone-sepa\/#primaryimage","url":"https:\/\/www.lekka.io\/wp-content\/uploads\/2020\/07\/Group-22-1.png","contentUrl":"https:\/\/www.lekka.io\/wp-content\/uploads\/2020\/07\/Group-22-1.png"},{"@type":"BreadcrumbList","@id":"https:\/\/www.lekka.io\/zone-sepa\/#breadcrumb","itemListElement":[{"@type":"ListItem","position":1,"name":"Accueil","item":"https:\/\/www.lekka.io\/"},{"@type":"ListItem","position":2,"name":"Zone SEPA"}]},{"@type":"WebSite","@id":"https:\/\/www.lekka.io\/#website","url":"https:\/\/www.lekka.io\/","name":"Lekka. Compartir algo m\u00e1s que dinero","description":"Compartir algo m\u00e1s que dinero","publisher":{"@id":"https:\/\/www.lekka.io\/#organization"},"potentialAction":[{"@type":"SearchAction","target":{"@type":"EntryPoint","urlTemplate":"https:\/\/www.lekka.io\/?s={search_term_string}"},"query-input":{"@type":"PropertyValueSpecification","valueRequired":true,"valueName":"search_term_string"}}],"inLanguage":"es"},{"@type":"Organization","@id":"https:\/\/www.lekka.io\/#organization","name":"Lekka. Compartir algo m\u00e1s que dinero","url":"https:\/\/www.lekka.io\/","logo":{"@type":"ImageObject","inLanguage":"es","@id":"https:\/\/www.lekka.io\/#\/schema\/logo\/image\/","url":"https:\/\/www.lekka.io\/wp-content\/uploads\/2024\/08\/Lekka-rectangular.webp","contentUrl":"https:\/\/www.lekka.io\/wp-content\/uploads\/2024\/08\/Lekka-rectangular.webp","width":1536,"height":355,"caption":"Lekka. Sharing more than money"},"image":{"@id":"https:\/\/www.lekka.io\/#\/schema\/logo\/image\/"}}]}},"_links":{"self":[{"href":"https:\/\/www.lekka.io\/es\/wp-json\/wp\/v2\/pages\/10179","targetHints":{"allow":["GET"]}}],"collection":[{"href":"https:\/\/www.lekka.io\/es\/wp-json\/wp\/v2\/pages"}],"about":[{"href":"https:\/\/www.lekka.io\/es\/wp-json\/wp\/v2\/types\/page"}],"author":[{"embeddable":true,"href":"https:\/\/www.lekka.io\/es\/wp-json\/wp\/v2\/users\/15"}],"replies":[{"embeddable":true,"href":"https:\/\/www.lekka.io\/es\/wp-json\/wp\/v2\/comments?post=10179"}],"version-history":[{"count":34,"href":"https:\/\/www.lekka.io\/es\/wp-json\/wp\/v2\/pages\/10179\/revisions"}],"predecessor-version":[{"id":10253,"href":"https:\/\/www.lekka.io\/es\/wp-json\/wp\/v2\/pages\/10179\/revisions\/10253"}],"wp:attachment":[{"href":"https:\/\/www.lekka.io\/es\/wp-json\/wp\/v2\/media?parent=10179"}],"wp:term":[{"taxonomy":"folder","embeddable":true,"href":"https:\/\/www.lekka.io\/es\/wp-json\/wp\/v2\/folder?post=10179"}],"curies":[{"name":"wp","href":"https:\/\/api.w.org\/{rel}","templated":true}]}}