{"id":8576,"date":"2024-07-12T13:08:58","date_gmt":"2024-07-12T13:08:58","guid":{"rendered":"https:\/\/www.lekka.io\/conditions-generales-carte-uk-2023-11-copy\/"},"modified":"2025-03-08T08:28:51","modified_gmt":"2025-03-08T08:28:51","slug":"cardholder-uk-terms-conditions-2024-08","status":"publish","type":"page","link":"https:\/\/www.lekka.io\/en\/conditions-generales-carte-uk-2024-08\/","title":{"rendered":"Visa\u00ae Lekka Card - Terms and Conditions UK - 2024-08"},"content":{"rendered":"<div data-elementor-type=\"wp-page\" data-elementor-id=\"8576\" class=\"elementor elementor-8576\" data-elementor-post-type=\"page\">\n\t\t\t\t\t\t<section class=\"elementor-section elementor-top-section elementor-element elementor-element-baba028 elementor-section-full_width elementor-section-height-default elementor-section-height-default\" data-id=\"baba028\" data-element_type=\"section\" data-e-type=\"section\" data-settings=\"{&quot;background_background&quot;:&quot;classic&quot;}\">\n\t\t\t\t\t\t<div class=\"elementor-container elementor-column-gap-default\">\n\t\t\t\t\t<div class=\"elementor-column elementor-col-50 elementor-top-column elementor-element elementor-element-919d8be\" data-id=\"919d8be\" data-element_type=\"column\" data-e-type=\"column\">\n\t\t\t<div class=\"elementor-widget-wrap elementor-element-populated\">\n\t\t\t\t\t\t<div class=\"elementor-element elementor-element-4c1522c elementor-widget elementor-widget-image\" data-id=\"4c1522c\" data-element_type=\"widget\" data-e-type=\"widget\" data-widget_type=\"image.default\">\n\t\t\t\t<div class=\"elementor-widget-container\">\n\t\t\t\t\t\t\t\t\t\t\t\t\t\t\t<img fetchpriority=\"high\" decoding=\"async\" width=\"364\" height=\"778\" src=\"https:\/\/www.lekka.io\/wp-content\/uploads\/2020\/07\/Group-22-1.png\" class=\"attachment-large size-large wp-image-2032\" alt=\"\" srcset=\"https:\/\/www.lekka.io\/wp-content\/uploads\/2020\/07\/Group-22-1.png 364w, https:\/\/www.lekka.io\/wp-content\/uploads\/2020\/07\/Group-22-1-140x300.png 140w\" sizes=\"(max-width: 364px) 100vw, 364px\" \/>\t\t\t\t\t\t\t\t\t\t\t\t\t\t\t<\/div>\n\t\t\t\t<\/div>\n\t\t\t\t\t<\/div>\n\t\t<\/div>\n\t\t\t\t<div class=\"elementor-column elementor-col-50 elementor-top-column elementor-element elementor-element-4ab97d2\" data-id=\"4ab97d2\" data-element_type=\"column\" data-e-type=\"column\">\n\t\t\t<div class=\"elementor-widget-wrap elementor-element-populated\">\n\t\t\t\t\t\t<div class=\"elementor-element elementor-element-7628dee elementor-widget elementor-widget-image\" data-id=\"7628dee\" data-element_type=\"widget\" data-e-type=\"widget\" data-widget_type=\"image.default\">\n\t\t\t\t<div class=\"elementor-widget-container\">\n\t\t\t\t\t\t\t\t\t\t\t\t\t\t\t<img decoding=\"async\" width=\"411\" height=\"778\" src=\"https:\/\/www.lekka.io\/wp-content\/uploads\/2024\/08\/Group-20.webp\" class=\"attachment-large size-large wp-image-1723\" alt=\"\" srcset=\"https:\/\/www.lekka.io\/wp-content\/uploads\/2024\/08\/Group-20.webp 411w, https:\/\/www.lekka.io\/wp-content\/uploads\/2024\/08\/Group-20-158x300.webp 158w, https:\/\/www.lekka.io\/wp-content\/uploads\/2024\/08\/Group-20-6x12.webp 6w\" sizes=\"(max-width: 411px) 100vw, 411px\" \/>\t\t\t\t\t\t\t\t\t\t\t\t\t\t\t<\/div>\n\t\t\t\t<\/div>\n\t\t\t\t\t<\/div>\n\t\t<\/div>\n\t\t\t\t\t<\/div>\n\t\t<\/section>\n\t\t\t\t<section class=\"elementor-section elementor-top-section elementor-element elementor-element-47f7a715 elementor-section-boxed elementor-section-height-default elementor-section-height-default\" data-id=\"47f7a715\" data-element_type=\"section\" data-e-type=\"section\" data-settings=\"{&quot;background_background&quot;:&quot;classic&quot;}\">\n\t\t\t\t\t\t<div class=\"elementor-container elementor-column-gap-default\">\n\t\t\t\t\t<div class=\"elementor-column elementor-col-100 elementor-top-column elementor-element elementor-element-1c1a6249\" data-id=\"1c1a6249\" data-element_type=\"column\" data-e-type=\"column\">\n\t\t\t<div class=\"elementor-widget-wrap elementor-element-populated\">\n\t\t\t\t\t\t<div class=\"elementor-element elementor-element-327efa7d elementor-widget elementor-widget-heading\" data-id=\"327efa7d\" data-element_type=\"widget\" data-e-type=\"widget\" data-widget_type=\"heading.default\">\n\t\t\t\t<div class=\"elementor-widget-container\">\n\t\t\t\t\t<h1 class=\"elementor-heading-title elementor-size-default\">Paynetics UK Cardholder Terms and Conditions for UK residents<\/h1>\t\t\t\t<\/div>\n\t\t\t\t<\/div>\n\t\t\t\t<section class=\"elementor-section elementor-inner-section elementor-element elementor-element-34829c3c elementor-section-boxed elementor-section-height-default elementor-section-height-default\" data-id=\"34829c3c\" data-element_type=\"section\" data-e-type=\"section\">\n\t\t\t\t\t\t<div class=\"elementor-container elementor-column-gap-default\">\n\t\t\t\t\t<div class=\"elementor-column elementor-col-100 elementor-inner-column elementor-element elementor-element-7b643dfb\" data-id=\"7b643dfb\" data-element_type=\"column\" data-e-type=\"column\">\n\t\t\t<div class=\"elementor-widget-wrap elementor-element-populated\">\n\t\t\t\t\t\t<div class=\"elementor-element elementor-element-1aaf3c85 elementor-hidden-desktop elementor-hidden-tablet elementor-hidden-mobile elementor-widget elementor-widget-heading\" data-id=\"1aaf3c85\" data-element_type=\"widget\" data-e-type=\"widget\" data-widget_type=\"heading.default\">\n\t\t\t\t<div class=\"elementor-widget-container\">\n\t\t\t\t\t<h2 class=\"elementor-heading-title elementor-size-default\">Valid from 30 xxxxx 2024<\/h2>\t\t\t\t<\/div>\n\t\t\t\t<\/div>\n\t\t\t\t<div class=\"elementor-element elementor-element-86ad42b elementor-widget elementor-widget-heading\" data-id=\"86ad42b\" data-element_type=\"widget\" data-e-type=\"widget\" data-widget_type=\"heading.default\">\n\t\t\t\t<div class=\"elementor-widget-container\">\n\t\t\t\t\t<h2 class=\"elementor-heading-title elementor-size-default\">Page under construction<\/h2>\t\t\t\t<\/div>\n\t\t\t\t<\/div>\n\t\t\t\t<div class=\"elementor-element elementor-element-6f940e08 elementor-widget elementor-widget-text-editor\" data-id=\"6f940e08\" data-element_type=\"widget\" data-e-type=\"widget\" data-widget_type=\"text-editor.default\">\n\t\t\t\t<div class=\"elementor-widget-container\">\n\t\t\t\t\t\t\t\t\t<div class=\"translation-block\">\n<p>This page will be updated when registration resumes for UK residents<\/p>.\n<\/div>\t\t\t\t\t\t\t\t<\/div>\n\t\t\t\t<\/div>\n\t\t\t\t\t<\/div>\n\t\t<\/div>\n\t\t\t\t\t<\/div>\n\t\t<\/section>\n\t\t\t\t\t<\/div>\n\t\t<\/div>\n\t\t\t\t\t<\/div>\n\t\t<\/section>\n\t\t\t\t<\/div>","protected":false},"excerpt":{"rendered":"<p>Paynetics UK Terms and Conditions for UK residents Valid from 30 xxxxx 2024 Page under construction This page will be updated as soon as registrations for UK residents resume.<\/p>","protected":false},"author":15,"featured_media":0,"parent":0,"menu_order":0,"comment_status":"closed","ping_status":"closed","template":"","meta":{"_acf_changed":false,"inline_featured_image":false,"footnotes":""},"folder":[84],"class_list":["post-8576","page","type-page","status-publish","hentry"],"acf":[],"yoast_head":"<!-- This site is optimized with the Yoast SEO plugin v27.4 - https:\/\/yoast.com\/product\/yoast-seo-wordpress\/ -->\n<title>Carte Visa\u00ae Lekka \u2013 Conditions g\u00e9n\u00e9rales UK \u2013 2024-08 - Lekka. Sharing more than money<\/title>\n<meta name=\"robots\" content=\"noindex, nofollow\" \/>\n<meta property=\"og:locale\" content=\"en_GB\" \/>\n<meta property=\"og:type\" content=\"article\" \/>\n<meta property=\"og:title\" content=\"Carte Visa\u00ae Lekka \u2013 Conditions g\u00e9n\u00e9rales UK \u2013 2024-08 - Lekka. Sharing more than money\" \/>\n<meta property=\"og:description\" content=\"Conditions G\u00e9n\u00e9rales de Paynetics UK pour les r\u00e9sidents du Royaume-Uni Valables \u00e0 compter du 30 xxxxx 2024 Page en construction Cette page sera remise \u00e0 jour d\u00e8s la reprise des inscriptions pour les r\u00e9sidents du Royaume-Uni\" \/>\n<meta property=\"og:url\" content=\"https:\/\/www.lekka.io\/en\/cardholder-uk-terms-conditions-2024-08\/\" \/>\n<meta property=\"og:site_name\" content=\"Lekka. Sharing more than money\" \/>\n<meta property=\"article:modified_time\" content=\"2025-03-08T08:28:51+00:00\" \/>\n<meta property=\"og:image\" content=\"https:\/\/www.lekka.io\/wp-content\/uploads\/2020\/07\/Group-22-1.png\" \/>\n<meta name=\"twitter:card\" content=\"summary_large_image\" \/>\n<meta name=\"twitter:label1\" content=\"Estimated reading time\" \/>\n\t<meta name=\"twitter:data1\" content=\"1 minute\" \/>\n<script type=\"application\/ld+json\" class=\"yoast-schema-graph\">{\"@context\":\"https:\\\/\\\/schema.org\",\"@graph\":[{\"@type\":\"WebPage\",\"@id\":\"https:\\\/\\\/www.lekka.io\\\/conditions-generales-carte-uk-2024-08\\\/\",\"url\":\"https:\\\/\\\/www.lekka.io\\\/conditions-generales-carte-uk-2024-08\\\/\",\"name\":\"Carte Visa\u00ae Lekka \u2013 Conditions g\u00e9n\u00e9rales UK \u2013 2024-08 - Lekka. Sharing more than money\",\"isPartOf\":{\"@id\":\"https:\\\/\\\/www.lekka.io\\\/#website\"},\"primaryImageOfPage\":{\"@id\":\"https:\\\/\\\/www.lekka.io\\\/conditions-generales-carte-uk-2024-08\\\/#primaryimage\"},\"image\":{\"@id\":\"https:\\\/\\\/www.lekka.io\\\/conditions-generales-carte-uk-2024-08\\\/#primaryimage\"},\"thumbnailUrl\":\"https:\\\/\\\/www.lekka.io\\\/wp-content\\\/uploads\\\/2020\\\/07\\\/Group-22-1.png\",\"datePublished\":\"2024-07-12T13:08:58+00:00\",\"dateModified\":\"2025-03-08T08:28:51+00:00\",\"breadcrumb\":{\"@id\":\"https:\\\/\\\/www.lekka.io\\\/conditions-generales-carte-uk-2024-08\\\/#breadcrumb\"},\"inLanguage\":\"en-GB\",\"potentialAction\":[{\"@type\":\"ReadAction\",\"target\":[\"https:\\\/\\\/www.lekka.io\\\/conditions-generales-carte-uk-2024-08\\\/\"]}]},{\"@type\":\"ImageObject\",\"inLanguage\":\"en-GB\",\"@id\":\"https:\\\/\\\/www.lekka.io\\\/conditions-generales-carte-uk-2024-08\\\/#primaryimage\",\"url\":\"https:\\\/\\\/www.lekka.io\\\/wp-content\\\/uploads\\\/2020\\\/07\\\/Group-22-1.png\",\"contentUrl\":\"https:\\\/\\\/www.lekka.io\\\/wp-content\\\/uploads\\\/2020\\\/07\\\/Group-22-1.png\"},{\"@type\":\"BreadcrumbList\",\"@id\":\"https:\\\/\\\/www.lekka.io\\\/conditions-generales-carte-uk-2024-08\\\/#breadcrumb\",\"itemListElement\":[{\"@type\":\"ListItem\",\"position\":1,\"name\":\"Accueil\",\"item\":\"https:\\\/\\\/www.lekka.io\\\/\"},{\"@type\":\"ListItem\",\"position\":2,\"name\":\"Carte Visa\u00ae Lekka \u2013 Conditions g\u00e9n\u00e9rales UK \u2013 2024-08\"}]},{\"@type\":\"WebSite\",\"@id\":\"https:\\\/\\\/www.lekka.io\\\/#website\",\"url\":\"https:\\\/\\\/www.lekka.io\\\/\",\"name\":\"Lekka. Sharing more than money\",\"description\":\"Sharing more than money\",\"publisher\":{\"@id\":\"https:\\\/\\\/www.lekka.io\\\/#organization\"},\"potentialAction\":[{\"@type\":\"SearchAction\",\"target\":{\"@type\":\"EntryPoint\",\"urlTemplate\":\"https:\\\/\\\/www.lekka.io\\\/?s={search_term_string}\"},\"query-input\":{\"@type\":\"PropertyValueSpecification\",\"valueRequired\":true,\"valueName\":\"search_term_string\"}}],\"inLanguage\":\"en-GB\"},{\"@type\":\"Organization\",\"@id\":\"https:\\\/\\\/www.lekka.io\\\/#organization\",\"name\":\"Lekka. Sharing more than money\",\"url\":\"https:\\\/\\\/www.lekka.io\\\/\",\"logo\":{\"@type\":\"ImageObject\",\"inLanguage\":\"en-GB\",\"@id\":\"https:\\\/\\\/www.lekka.io\\\/#\\\/schema\\\/logo\\\/image\\\/\",\"url\":\"https:\\\/\\\/www.lekka.io\\\/wp-content\\\/uploads\\\/2024\\\/08\\\/Lekka-rectangular.webp\",\"contentUrl\":\"https:\\\/\\\/www.lekka.io\\\/wp-content\\\/uploads\\\/2024\\\/08\\\/Lekka-rectangular.webp\",\"width\":1536,\"height\":355,\"caption\":\"Lekka. Sharing more than money\"},\"image\":{\"@id\":\"https:\\\/\\\/www.lekka.io\\\/#\\\/schema\\\/logo\\\/image\\\/\"}}]}<\/script>\n<!-- \/ Yoast SEO plugin. -->","yoast_head_json":{"title":"Lekka Visa\u00ae Card - Terms and Conditions UK - 2024-08 - Lekka. Sharing more than money","robots":{"index":"noindex","follow":"nofollow"},"og_locale":"en_GB","og_type":"article","og_title":"Carte Visa\u00ae Lekka \u2013 Conditions g\u00e9n\u00e9rales UK \u2013 2024-08 - Lekka. Sharing more than money","og_description":"Conditions G\u00e9n\u00e9rales de Paynetics UK pour les r\u00e9sidents du Royaume-Uni Valables \u00e0 compter du 30 xxxxx 2024 Page en construction Cette page sera remise \u00e0 jour d\u00e8s la reprise des inscriptions pour les r\u00e9sidents du Royaume-Uni","og_url":"https:\/\/www.lekka.io\/en\/cardholder-uk-terms-conditions-2024-08\/","og_site_name":"Lekka. Sharing more than money","article_modified_time":"2025-03-08T08:28:51+00:00","og_image":[{"url":"https:\/\/www.lekka.io\/wp-content\/uploads\/2020\/07\/Group-22-1.png","type":"","width":"","height":""}],"twitter_card":"summary_large_image","twitter_misc":{"Estimated reading time":"1 minute"},"schema":{"@context":"https:\/\/schema.org","@graph":[{"@type":"WebPage","@id":"https:\/\/www.lekka.io\/conditions-generales-carte-uk-2024-08\/","url":"https:\/\/www.lekka.io\/conditions-generales-carte-uk-2024-08\/","name":"Lekka Visa\u00ae Card - Terms and Conditions UK - 2024-08 - Lekka. Sharing more than money","isPartOf":{"@id":"https:\/\/www.lekka.io\/#website"},"primaryImageOfPage":{"@id":"https:\/\/www.lekka.io\/conditions-generales-carte-uk-2024-08\/#primaryimage"},"image":{"@id":"https:\/\/www.lekka.io\/conditions-generales-carte-uk-2024-08\/#primaryimage"},"thumbnailUrl":"https:\/\/www.lekka.io\/wp-content\/uploads\/2020\/07\/Group-22-1.png","datePublished":"2024-07-12T13:08:58+00:00","dateModified":"2025-03-08T08:28:51+00:00","breadcrumb":{"@id":"https:\/\/www.lekka.io\/conditions-generales-carte-uk-2024-08\/#breadcrumb"},"inLanguage":"en-GB","potentialAction":[{"@type":"ReadAction","target":["https:\/\/www.lekka.io\/conditions-generales-carte-uk-2024-08\/"]}]},{"@type":"ImageObject","inLanguage":"en-GB","@id":"https:\/\/www.lekka.io\/conditions-generales-carte-uk-2024-08\/#primaryimage","url":"https:\/\/www.lekka.io\/wp-content\/uploads\/2020\/07\/Group-22-1.png","contentUrl":"https:\/\/www.lekka.io\/wp-content\/uploads\/2020\/07\/Group-22-1.png"},{"@type":"BreadcrumbList","@id":"https:\/\/www.lekka.io\/conditions-generales-carte-uk-2024-08\/#breadcrumb","itemListElement":[{"@type":"ListItem","position":1,"name":"Accueil","item":"https:\/\/www.lekka.io\/"},{"@type":"ListItem","position":2,"name":"Carte Visa\u00ae Lekka \u2013 Conditions g\u00e9n\u00e9rales UK \u2013 2024-08"}]},{"@type":"WebSite","@id":"https:\/\/www.lekka.io\/#website","url":"https:\/\/www.lekka.io\/","name":"Lekka. Sharing more than money","description":"Sharing more than money","publisher":{"@id":"https:\/\/www.lekka.io\/#organization"},"potentialAction":[{"@type":"SearchAction","target":{"@type":"EntryPoint","urlTemplate":"https:\/\/www.lekka.io\/?s={search_term_string}"},"query-input":{"@type":"PropertyValueSpecification","valueRequired":true,"valueName":"search_term_string"}}],"inLanguage":"en-GB"},{"@type":"Organization","@id":"https:\/\/www.lekka.io\/#organization","name":"Lekka. Sharing more than money","url":"https:\/\/www.lekka.io\/","logo":{"@type":"ImageObject","inLanguage":"en-GB","@id":"https:\/\/www.lekka.io\/#\/schema\/logo\/image\/","url":"https:\/\/www.lekka.io\/wp-content\/uploads\/2024\/08\/Lekka-rectangular.webp","contentUrl":"https:\/\/www.lekka.io\/wp-content\/uploads\/2024\/08\/Lekka-rectangular.webp","width":1536,"height":355,"caption":"Lekka. Sharing more than money"},"image":{"@id":"https:\/\/www.lekka.io\/#\/schema\/logo\/image\/"}}]}},"_links":{"self":[{"href":"https:\/\/www.lekka.io\/en\/wp-json\/wp\/v2\/pages\/8576","targetHints":{"allow":["GET"]}}],"collection":[{"href":"https:\/\/www.lekka.io\/en\/wp-json\/wp\/v2\/pages"}],"about":[{"href":"https:\/\/www.lekka.io\/en\/wp-json\/wp\/v2\/types\/page"}],"author":[{"embeddable":true,"href":"https:\/\/www.lekka.io\/en\/wp-json\/wp\/v2\/users\/15"}],"replies":[{"embeddable":true,"href":"https:\/\/www.lekka.io\/en\/wp-json\/wp\/v2\/comments?post=8576"}],"version-history":[{"count":13,"href":"https:\/\/www.lekka.io\/en\/wp-json\/wp\/v2\/pages\/8576\/revisions"}],"predecessor-version":[{"id":9896,"href":"https:\/\/www.lekka.io\/en\/wp-json\/wp\/v2\/pages\/8576\/revisions\/9896"}],"wp:attachment":[{"href":"https:\/\/www.lekka.io\/en\/wp-json\/wp\/v2\/media?parent=8576"}],"wp:term":[{"taxonomy":"folder","embeddable":true,"href":"https:\/\/www.lekka.io\/en\/wp-json\/wp\/v2\/folder?post=8576"}],"curies":[{"name":"wp","href":"https:\/\/api.w.org\/{rel}","templated":true}]}}