{"id":10179,"date":"2025-04-09T12:41:42","date_gmt":"2025-04-09T12:41:42","guid":{"rendered":"https:\/\/www.lekka.io\/?page_id=10179"},"modified":"2025-04-09T17:20:37","modified_gmt":"2025-04-09T17:20:37","slug":"zone-sepa","status":"publish","type":"page","link":"https:\/\/www.lekka.io\/en\/zone-sepa\/","title":{"rendered":"SEPA zone"},"content":{"rendered":"<div data-elementor-type=\"wp-page\" data-elementor-id=\"10179\" class=\"elementor elementor-10179\" data-elementor-post-type=\"page\">\n\t\t\t\t<div class=\"elementor-element elementor-element-33ab547 e-con-full e-flex e-con e-parent\" data-id=\"33ab547\" data-element_type=\"container\" data-e-type=\"container\" data-settings=\"{&quot;background_background&quot;:&quot;classic&quot;}\">\n\t\t<div class=\"elementor-element elementor-element-be403d3 e-grid e-con-full e-con e-child\" data-id=\"be403d3\" data-element_type=\"container\" data-e-type=\"container\">\n\t\t\t\t<div class=\"elementor-element elementor-element-92730a3 elementor-widget elementor-widget-image\" data-id=\"92730a3\" data-element_type=\"widget\" data-e-type=\"widget\" data-widget_type=\"image.default\">\n\t\t\t\t<div class=\"elementor-widget-container\">\n\t\t\t\t\t\t\t\t\t\t\t\t\t\t\t<img fetchpriority=\"high\" decoding=\"async\" width=\"364\" height=\"778\" src=\"https:\/\/www.lekka.io\/wp-content\/uploads\/2020\/07\/Group-22-1.png\" class=\"attachment-large size-large wp-image-2032\" alt=\"\" srcset=\"https:\/\/www.lekka.io\/wp-content\/uploads\/2020\/07\/Group-22-1.png 364w, https:\/\/www.lekka.io\/wp-content\/uploads\/2020\/07\/Group-22-1-140x300.png 140w\" sizes=\"(max-width: 364px) 100vw, 364px\" \/>\t\t\t\t\t\t\t\t\t\t\t\t\t\t\t<\/div>\n\t\t\t\t<\/div>\n\t\t\t\t<div class=\"elementor-element elementor-element-6909bcf elementor-widget elementor-widget-image\" data-id=\"6909bcf\" data-element_type=\"widget\" data-e-type=\"widget\" data-widget_type=\"image.default\">\n\t\t\t\t<div class=\"elementor-widget-container\">\n\t\t\t\t\t\t\t\t\t\t\t\t\t\t\t<img decoding=\"async\" width=\"411\" height=\"778\" src=\"https:\/\/www.lekka.io\/wp-content\/uploads\/2024\/08\/Group-20.webp\" class=\"attachment-large size-large wp-image-1723\" alt=\"\" srcset=\"https:\/\/www.lekka.io\/wp-content\/uploads\/2024\/08\/Group-20.webp 411w, https:\/\/www.lekka.io\/wp-content\/uploads\/2024\/08\/Group-20-158x300.webp 158w, https:\/\/www.lekka.io\/wp-content\/uploads\/2024\/08\/Group-20-6x12.webp 6w\" sizes=\"(max-width: 411px) 100vw, 411px\" \/>\t\t\t\t\t\t\t\t\t\t\t\t\t\t\t<\/div>\n\t\t\t\t<\/div>\n\t\t\t\t<\/div>\n\t\t\t\t<\/div>\n\t\t<div class=\"elementor-element elementor-element-0befd1c e-flex e-con-boxed e-con e-parent\" data-id=\"0befd1c\" data-element_type=\"container\" data-e-type=\"container\" data-settings=\"{&quot;background_background&quot;:&quot;classic&quot;}\">\n\t\t\t\t\t<div class=\"e-con-inner\">\n\t\t<div class=\"elementor-element elementor-element-3d8e10b e-con-full e-flex e-con e-child\" data-id=\"3d8e10b\" data-element_type=\"container\" data-e-type=\"container\" data-settings=\"{&quot;background_background&quot;:&quot;classic&quot;}\">\n\t\t\t\t<div class=\"elementor-element elementor-element-bd125b6 elementor-widget elementor-widget-heading\" data-id=\"bd125b6\" data-element_type=\"widget\" data-e-type=\"widget\" data-widget_type=\"heading.default\">\n\t\t\t\t<div class=\"elementor-widget-container\">\n\t\t\t\t\t<h2 class=\"elementor-heading-title elementor-size-default\">Which countries are members of the SEPA zone?<\/h2>\t\t\t\t<\/div>\n\t\t\t\t<\/div>\n\t\t\t\t<div class=\"elementor-element elementor-element-323fa10 elementor-widget elementor-widget-text-editor\" data-id=\"323fa10\" data-element_type=\"widget\" data-e-type=\"widget\" data-widget_type=\"text-editor.default\">\n\t\t\t\t<div class=\"elementor-widget-container\">\n\t\t\t\t\t\t\t\t\t<h2>Introduction<\/h2><p class=\"translation-block\">The <a href=\"https:\/\/www.europeanpaymentscouncil.eu\/about-sepa\" target=\"_blank\" rel=\"noopener\">SEPA zone<\/a>, which stands for <em data-start=\"248\" data-end=\"275\">Single Euro Payments Area<\/em>, was created to simplify euro transfers and direct debits between European countries. Since 2014, all member states of the European Economic Area (EEA) have participated, using standardised procedures and enhanced security. As of April 2025, <a href=\"https:\/\/www.europeanpaymentscouncil.eu\/sites\/default\/files\/kb\/file\/2025-03\/EPC409-09EPCListofSEPASchemeCountriesv6.0.pdf\" target=\"_blank\" rel=\"noopener\">40 countries<\/a> are part of this area.<\/p>\t\t\t\t\t\t\t\t<\/div>\n\t\t\t\t<\/div>\n\t\t\t\t<div class=\"elementor-element elementor-element-e5d34ab elementor-widget elementor-widget-text-editor\" data-id=\"e5d34ab\" data-element_type=\"widget\" data-e-type=\"widget\" data-widget_type=\"text-editor.default\">\n\t\t\t\t<div class=\"elementor-widget-container\">\n\t\t\t\t\t\t\t\t\t<h2>What is the SEPA zone?<\/h2><p class=\"\" data-start=\"854\" data-end=\"1070\">SEPA is a system established at the European level to allow consumers and businesses to transfer euros across Europe as easily as making domestic payments.<\/p><p class=\"\" data-start=\"1072\" data-end=\"1456\">This infrastructure is designed to make bank transfers faster, more transparent and secure. In most cases, transactions are processed online and completed within seconds or, at the latest, by the next working day, depending on the bank. The euro is used as the single currency (except in certain countries like the UK or Switzerland, where currency conversions may apply).<\/p><p>This harmonisation improves operational efficiency for businesses and supports the continent\u2019s financial integration.<\/p><p>SEPA is an integral part of the European single market<span style=\"font-weight: var( --e-global-typography-text-font-weight );\">.<\/span><\/p>\t\t\t\t\t\t\t\t<\/div>\n\t\t\t\t<\/div>\n\t\t\t\t<div class=\"elementor-element elementor-element-48d4ab3 elementor-widget elementor-widget-text-editor\" data-id=\"48d4ab3\" data-element_type=\"widget\" data-e-type=\"widget\" data-widget_type=\"text-editor.default\">\n\t\t\t\t<div class=\"elementor-widget-container\">\n\t\t\t\t\t\t\t\t\t<h2>The benefits of SEPA<\/h2><p data-start=\"1697\" data-end=\"1775\">Here are the main benefits of SEPA payment unification:<\/p><ul data-start=\"1777\" data-end=\"2527\"><li data-start=\"1777\" data-end=\"1914\"><p data-start=\"1779\" data-end=\"1914\"><strong data-start=\"1779\" data-end=\"1805\">Standardised processing<\/strong> : whether for transfers or direct debits, the procedures are the same across all member countries.<\/p><\/li><li data-start=\"1915\" data-end=\"2026\"><p data-start=\"1917\" data-end=\"2026\"><strong data-start=\"1917\" data-end=\"1940\">Lower costs<\/strong> : fees for cross-border payments have significantly decreased, or even disappeared.<\/p><\/li><li data-start=\"2027\" data-end=\"2158\"><p data-start=\"2029\" data-end=\"2158\"><strong data-start=\"2029\" data-end=\"2061\">Use of a single IBAN<\/strong> : no need to manage multiple account formats \u2014 the IBAN is all you need for every transaction.<\/p><\/li><li data-start=\"2159\" data-end=\"2278\"><p data-start=\"2161\" data-end=\"2278\"><strong data-start=\"2161\" data-end=\"2183\">Improved security<\/strong> : common rules govern transactions to protect customers and reduce fraud.<\/p><\/li><li data-start=\"2279\" data-end=\"2413\"><p data-start=\"2281\" data-end=\"2413\"><strong data-start=\"2281\" data-end=\"2307\">Greater transparency<\/strong> : processing times, amounts and fees are clearer for both customers and businesses.<\/p><\/li><li data-start=\"2414\" data-end=\"2527\"><p data-start=\"2416\" data-end=\"2527\"><strong data-start=\"2416\" data-end=\"2438\">Less paperwork<\/strong> : a single form is enough for all member countries, making accounting easier.<\/p><\/li><\/ul><p>All banks must comply with the same SEPA rules, which encourages competition and can potentially lead to better offers for customers.<\/p>\t\t\t\t\t\t\t\t<\/div>\n\t\t\t\t<\/div>\n\t\t\t\t<div class=\"elementor-element elementor-element-d14b3cf elementor-widget elementor-widget-text-editor\" data-id=\"d14b3cf\" data-element_type=\"widget\" data-e-type=\"widget\" data-widget_type=\"text-editor.default\">\n\t\t\t\t<div class=\"elementor-widget-container\">\n\t\t\t\t\t\t\t\t\t<h2>Which countries are members of the SEPA zone?<\/h2>\n<p>As of April 2025, the SEPA zone includes 40 member countries. It brings together European Union members, countries from the European Economic Area, as well as several states and territories that have adopted SEPA standards.<\/p>\n<p data-start=\"2982\" data-end=\"3008\"><strong>The 27 EU Member States:<\/strong><\/p>\n<ul data-start=\"3010\" data-end=\"3299\">\n<li data-start=\"3010\" data-end=\"3021\">\n<p data-start=\"3012\" data-end=\"3021\">Germany<\/p>\n<\/li>\n<li data-start=\"3022\" data-end=\"3032\">\n<p data-start=\"3024\" data-end=\"3032\">Austria<\/p>\n<\/li>\n<li data-start=\"3033\" data-end=\"3043\">\n<p data-start=\"3035\" data-end=\"3043\">Belgium<\/p>\n<\/li>\n<li data-start=\"3044\" data-end=\"3054\">\n<p data-start=\"3046\" data-end=\"3054\">Bulgaria<\/p>\n<\/li>\n<li data-start=\"3055\" data-end=\"3063\">\n<p data-start=\"3057\" data-end=\"3063\">Cyprus<\/p>\n<\/li>\n<li data-start=\"3064\" data-end=\"3073\">\n<p data-start=\"3066\" data-end=\"3073\">Croatia<\/p>\n<\/li>\n<li data-start=\"3074\" data-end=\"3084\">\n<p data-start=\"3076\" data-end=\"3084\">Denmark<\/p>\n<\/li>\n<li data-start=\"3085\" data-end=\"3094\">\n<p data-start=\"3087\" data-end=\"3094\">Spain<\/p>\n<\/li>\n<li data-start=\"3095\" data-end=\"3104\">\n<p data-start=\"3097\" data-end=\"3104\">Estonia<\/p>\n<\/li>\n<li data-start=\"3105\" data-end=\"3115\">\n<p data-start=\"3107\" data-end=\"3115\">Finland<\/p>\n<\/li>\n<li data-start=\"3116\" data-end=\"3124\">\n<p data-start=\"3118\" data-end=\"3124\">France<\/p>\n<\/li>\n<li data-start=\"3125\" data-end=\"3132\">\n<p data-start=\"3127\" data-end=\"3132\">Greece<\/p>\n<\/li>\n<li data-start=\"3133\" data-end=\"3142\">\n<p data-start=\"3135\" data-end=\"3142\">Hungary<\/p>\n<\/li>\n<li data-start=\"3143\" data-end=\"3152\">\n<p data-start=\"3145\" data-end=\"3152\">Ireland<\/p>\n<\/li>\n<li data-start=\"3153\" data-end=\"3161\">\n<p data-start=\"3155\" data-end=\"3161\">Italy<\/p>\n<\/li>\n<li data-start=\"3162\" data-end=\"3172\">\n<p data-start=\"3164\" data-end=\"3172\">Latvia<\/p>\n<\/li>\n<li data-start=\"3173\" data-end=\"3183\">\n<p data-start=\"3175\" data-end=\"3183\">Lithuania<\/p>\n<\/li>\n<li data-start=\"3184\" data-end=\"3196\">\n<p data-start=\"3186\" data-end=\"3196\">Luxembourg<\/p>\n<\/li>\n<li data-start=\"3197\" data-end=\"3204\">\n<p data-start=\"3199\" data-end=\"3204\">Malta<\/p>\n<\/li>\n<li data-start=\"3205\" data-end=\"3215\">\n<p data-start=\"3207\" data-end=\"3215\">Netherlands<\/p>\n<\/li>\n<li data-start=\"3216\" data-end=\"3225\">\n<p data-start=\"3218\" data-end=\"3225\">Poland<\/p>\n<\/li>\n<li data-start=\"3226\" data-end=\"3236\">\n<p data-start=\"3228\" data-end=\"3236\">Portugal<\/p>\n<\/li>\n<li data-start=\"3237\" data-end=\"3257\">\n<p data-start=\"3239\" data-end=\"3257\">Czech Republic<\/p>\n<\/li>\n<li data-start=\"3258\" data-end=\"3268\">\n<p data-start=\"3260\" data-end=\"3268\">Romania<\/p>\n<\/li>\n<li data-start=\"3269\" data-end=\"3280\">\n<p data-start=\"3271\" data-end=\"3280\">Slovakia<\/p>\n<\/li>\n<li data-start=\"3281\" data-end=\"3291\">\n<p data-start=\"3283\" data-end=\"3291\">Slovenia<\/p>\n<\/li>\n<li data-start=\"3292\" data-end=\"3299\">\n<p data-start=\"3294\" data-end=\"3299\">Sweden<\/p>\n<\/li>\n<\/ul>\n<p><span style=\"font-weight: 600;\">Members of the European Economic Area :<\/span><\/p>\n<ul data-start=\"3325\" data-end=\"3360\">\n<li data-start=\"3325\" data-end=\"3334\">\n<p data-start=\"3327\" data-end=\"3334\">Iceland<\/p>\n<\/li>\n<li data-start=\"3335\" data-end=\"3350\">\n<p data-start=\"3337\" data-end=\"3350\">Liechtenstein<\/p>\n<\/li>\n<li data-start=\"3351\" data-end=\"3360\">\n<p data-start=\"3353\" data-end=\"3360\">Norway<\/p>\n<\/li>\n<\/ul>\n<p><span style=\"font-weight: 600;\">Other member countries and territories :<\/span><b><\/b><\/p>\n<ul data-start=\"3404\" data-end=\"3633\"><li data-start=\"3404\" data-end=\"3429\"><p data-start=\"3406\" data-end=\"3429\">Albania <em data-start=\"3414\" data-end=\"3429\">(since 2024)<\/em><\/p>\n<\/li>\n<li data-start=\"3430\" data-end=\"3439\">\n<p data-start=\"3432\" data-end=\"3439\">Andorra<\/p>\n<\/li>\n<li data-start=\"3440\" data-end=\"3451\">\n<p data-start=\"3442\" data-end=\"3451\">Gibraltar<\/p>\n<\/li>\n<li data-start=\"3452\" data-end=\"3463\">\n<p data-start=\"3454\" data-end=\"3463\">Guernsey<\/p>\n<\/li>\n<li data-start=\"3464\" data-end=\"3476\">\n<p data-start=\"3466\" data-end=\"3476\">Isle of Man<\/p>\n<\/li>\n<li data-start=\"3477\" data-end=\"3485\">\n<p data-start=\"3479\" data-end=\"3485\">Jersey<\/p>\n<\/li>\n<li data-start=\"3486\" data-end=\"3521\">\n<p data-start=\"3488\" data-end=\"3521\">Northern Macedonia <em data-start=\"3506\" data-end=\"3521\">(since 2025)<\/em><\/p>\n<\/li>\n<li data-start=\"3522\" data-end=\"3548\">\n<p data-start=\"3524\" data-end=\"3548\">Moldova <em data-start=\"3533\" data-end=\"3548\">(since 2025)<\/em><\/p>\n<\/li>\n<li data-start=\"3549\" data-end=\"3557\">\n<p data-start=\"3551\" data-end=\"3557\">Monaco<\/p>\n<\/li>\n<li data-start=\"3558\" data-end=\"3586\">\n<p data-start=\"3560\" data-end=\"3586\">Montenegro <em data-start=\"3571\" data-end=\"3586\">(since 2024)<\/em><\/p>\n<\/li>\n<li data-start=\"3587\" data-end=\"3600\">\n<p data-start=\"3589\" data-end=\"3600\">San Marino<\/p>\n<\/li>\n<li data-start=\"3601\" data-end=\"3609\">\n<p data-start=\"3603\" data-end=\"3609\">Switzerland<\/p>\n<\/li>\n<li data-start=\"3610\" data-end=\"3619\">\n<p data-start=\"3612\" data-end=\"3619\">Vatican<\/p>\n<\/li>\n<li data-start=\"3620\" data-end=\"3633\">\n<p data-start=\"3622\" data-end=\"3633\">United Kingdom<\/p>\n<\/li>\n<\/ul>\n<p>All these countries allow SEPA credit transfers and direct debits, using the same technical standards.<\/p>\t\t\t\t\t\t\t\t<\/div>\n\t\t\t\t<\/div>\n\t\t\t\t<div class=\"elementor-element elementor-element-3789d35 elementor-widget elementor-widget-text-editor\" data-id=\"3789d35\" data-element_type=\"widget\" data-e-type=\"widget\" data-widget_type=\"text-editor.default\">\n\t\t\t\t<div class=\"elementor-widget-container\">\n\t\t\t\t\t\t\t\t\t<h2>Countries and territories outside the SEPA zone<\/h2><p data-start=\"3779\" data-end=\"3902\" class=\"translation-block\">Although some regions use the euro \u2014 such as <span style=\"font-weight: 600\">Greenland<\/span>, <span style=\"font-weight: 600\">the Faroe Islands<\/span>, <span style=\"font-weight: 600\">Kosovo<\/span> or <span style=\"font-weight: 600\">Montenegro<\/span> \u2014 their status does not automatically include them in SEPA. Other countries outside Europe use the IBAN format without being part of SEPA: Turkey, Ukraine, the United Arab Emirates, Saudi Arabia, Belarus, and Brazil.<\/p>\t\t\t\t\t\t\t\t<\/div>\n\t\t\t\t<\/div>\n\t\t\t\t<\/div>\n\t\t\t\t\t<\/div>\n\t\t\t\t<\/div>\n\t\t\t\t<\/div>","protected":false},"excerpt":{"rendered":"<p>Quels sont les pays membres de la zone SEPA ? Introduction La\u00a0zone SEPA, pour Single Euro Payments Area (Espace unique de paiements en euros), a \u00e9t\u00e9 mise en place pour simplifier les virements et pr\u00e9l\u00e8vements en euros entre les pays europ\u00e9ens. Depuis 2014, tous les \u00c9tats de l\u2019Espace \u00e9conomique europ\u00e9en (EEE) y participent, avec des [&hellip;]<\/p>\n","protected":false},"author":15,"featured_media":0,"parent":0,"menu_order":0,"comment_status":"closed","ping_status":"closed","template":"","meta":{"_acf_changed":false,"inline_featured_image":false,"footnotes":""},"folder":[86],"class_list":["post-10179","page","type-page","status-publish","hentry"],"acf":[],"yoast_head":"<!-- This site is optimized with the Yoast SEO plugin v27.4 - https:\/\/yoast.com\/product\/yoast-seo-wordpress\/ -->\n<title>Zone SEPA - Lekka. Sharing more than money<\/title>\n<meta name=\"robots\" content=\"index, follow, max-snippet:-1, max-image-preview:large, max-video-preview:-1\" \/>\n<link rel=\"canonical\" href=\"https:\/\/www.lekka.io\/en\/zone-sepa\/\" \/>\n<meta property=\"og:locale\" content=\"en_GB\" \/>\n<meta property=\"og:type\" content=\"article\" \/>\n<meta property=\"og:title\" content=\"Zone SEPA - Lekka. Sharing more than money\" \/>\n<meta property=\"og:description\" content=\"Quels sont les pays membres de la zone SEPA ? Introduction La\u00a0zone SEPA, pour Single Euro Payments Area (Espace unique de paiements en euros), a \u00e9t\u00e9 mise en place pour simplifier les virements et pr\u00e9l\u00e8vements en euros entre les pays europ\u00e9ens. Depuis 2014, tous les \u00c9tats de l\u2019Espace \u00e9conomique europ\u00e9en (EEE) y participent, avec des [&hellip;]\" \/>\n<meta property=\"og:url\" content=\"https:\/\/www.lekka.io\/en\/zone-sepa\/\" \/>\n<meta property=\"og:site_name\" content=\"Lekka. Sharing more than money\" \/>\n<meta property=\"article:modified_time\" content=\"2025-04-09T17:20:37+00:00\" \/>\n<meta property=\"og:image\" content=\"https:\/\/www.lekka.io\/wp-content\/uploads\/2020\/07\/Group-22-1.png\" \/>\n\t<meta property=\"og:image:width\" content=\"364\" \/>\n\t<meta property=\"og:image:height\" content=\"778\" \/>\n\t<meta property=\"og:image:type\" content=\"image\/png\" \/>\n<meta name=\"twitter:card\" content=\"summary_large_image\" \/>\n<meta name=\"twitter:label1\" content=\"Estimated reading time\" \/>\n\t<meta name=\"twitter:data1\" content=\"4 minutes\" \/>\n<script type=\"application\/ld+json\" class=\"yoast-schema-graph\">{\"@context\":\"https:\\\/\\\/schema.org\",\"@graph\":[{\"@type\":\"WebPage\",\"@id\":\"https:\\\/\\\/www.lekka.io\\\/zone-sepa\\\/\",\"url\":\"https:\\\/\\\/www.lekka.io\\\/zone-sepa\\\/\",\"name\":\"Zone SEPA - Lekka. Sharing more than money\",\"isPartOf\":{\"@id\":\"https:\\\/\\\/www.lekka.io\\\/#website\"},\"primaryImageOfPage\":{\"@id\":\"https:\\\/\\\/www.lekka.io\\\/zone-sepa\\\/#primaryimage\"},\"image\":{\"@id\":\"https:\\\/\\\/www.lekka.io\\\/zone-sepa\\\/#primaryimage\"},\"thumbnailUrl\":\"https:\\\/\\\/www.lekka.io\\\/wp-content\\\/uploads\\\/2020\\\/07\\\/Group-22-1.png\",\"datePublished\":\"2025-04-09T12:41:42+00:00\",\"dateModified\":\"2025-04-09T17:20:37+00:00\",\"breadcrumb\":{\"@id\":\"https:\\\/\\\/www.lekka.io\\\/zone-sepa\\\/#breadcrumb\"},\"inLanguage\":\"en-GB\",\"potentialAction\":[{\"@type\":\"ReadAction\",\"target\":[\"https:\\\/\\\/www.lekka.io\\\/zone-sepa\\\/\"]}]},{\"@type\":\"ImageObject\",\"inLanguage\":\"en-GB\",\"@id\":\"https:\\\/\\\/www.lekka.io\\\/zone-sepa\\\/#primaryimage\",\"url\":\"https:\\\/\\\/www.lekka.io\\\/wp-content\\\/uploads\\\/2020\\\/07\\\/Group-22-1.png\",\"contentUrl\":\"https:\\\/\\\/www.lekka.io\\\/wp-content\\\/uploads\\\/2020\\\/07\\\/Group-22-1.png\"},{\"@type\":\"BreadcrumbList\",\"@id\":\"https:\\\/\\\/www.lekka.io\\\/zone-sepa\\\/#breadcrumb\",\"itemListElement\":[{\"@type\":\"ListItem\",\"position\":1,\"name\":\"Accueil\",\"item\":\"https:\\\/\\\/www.lekka.io\\\/\"},{\"@type\":\"ListItem\",\"position\":2,\"name\":\"Zone SEPA\"}]},{\"@type\":\"WebSite\",\"@id\":\"https:\\\/\\\/www.lekka.io\\\/#website\",\"url\":\"https:\\\/\\\/www.lekka.io\\\/\",\"name\":\"Lekka. Sharing more than money\",\"description\":\"Sharing more than money\",\"publisher\":{\"@id\":\"https:\\\/\\\/www.lekka.io\\\/#organization\"},\"potentialAction\":[{\"@type\":\"SearchAction\",\"target\":{\"@type\":\"EntryPoint\",\"urlTemplate\":\"https:\\\/\\\/www.lekka.io\\\/?s={search_term_string}\"},\"query-input\":{\"@type\":\"PropertyValueSpecification\",\"valueRequired\":true,\"valueName\":\"search_term_string\"}}],\"inLanguage\":\"en-GB\"},{\"@type\":\"Organization\",\"@id\":\"https:\\\/\\\/www.lekka.io\\\/#organization\",\"name\":\"Lekka. Sharing more than money\",\"url\":\"https:\\\/\\\/www.lekka.io\\\/\",\"logo\":{\"@type\":\"ImageObject\",\"inLanguage\":\"en-GB\",\"@id\":\"https:\\\/\\\/www.lekka.io\\\/#\\\/schema\\\/logo\\\/image\\\/\",\"url\":\"https:\\\/\\\/www.lekka.io\\\/wp-content\\\/uploads\\\/2024\\\/08\\\/Lekka-rectangular.webp\",\"contentUrl\":\"https:\\\/\\\/www.lekka.io\\\/wp-content\\\/uploads\\\/2024\\\/08\\\/Lekka-rectangular.webp\",\"width\":1536,\"height\":355,\"caption\":\"Lekka. Sharing more than money\"},\"image\":{\"@id\":\"https:\\\/\\\/www.lekka.io\\\/#\\\/schema\\\/logo\\\/image\\\/\"}}]}<\/script>\n<!-- \/ Yoast SEO plugin. -->","yoast_head_json":{"title":"SEPA zone - Lekka. Sharing more than money","robots":{"index":"index","follow":"follow","max-snippet":"max-snippet:-1","max-image-preview":"max-image-preview:large","max-video-preview":"max-video-preview:-1"},"canonical":"https:\/\/www.lekka.io\/en\/zone-sepa\/","og_locale":"en_GB","og_type":"article","og_title":"Zone SEPA - Lekka. Sharing more than money","og_description":"Quels sont les pays membres de la zone SEPA ? Introduction La\u00a0zone SEPA, pour Single Euro Payments Area (Espace unique de paiements en euros), a \u00e9t\u00e9 mise en place pour simplifier les virements et pr\u00e9l\u00e8vements en euros entre les pays europ\u00e9ens. Depuis 2014, tous les \u00c9tats de l\u2019Espace \u00e9conomique europ\u00e9en (EEE) y participent, avec des [&hellip;]","og_url":"https:\/\/www.lekka.io\/en\/zone-sepa\/","og_site_name":"Lekka. Sharing more than money","article_modified_time":"2025-04-09T17:20:37+00:00","og_image":[{"width":364,"height":778,"url":"https:\/\/www.lekka.io\/wp-content\/uploads\/2020\/07\/Group-22-1.png","type":"image\/png"}],"twitter_card":"summary_large_image","twitter_misc":{"Estimated reading time":"4 minutes"},"schema":{"@context":"https:\/\/schema.org","@graph":[{"@type":"WebPage","@id":"https:\/\/www.lekka.io\/zone-sepa\/","url":"https:\/\/www.lekka.io\/zone-sepa\/","name":"SEPA zone - Lekka. Sharing more than money","isPartOf":{"@id":"https:\/\/www.lekka.io\/#website"},"primaryImageOfPage":{"@id":"https:\/\/www.lekka.io\/zone-sepa\/#primaryimage"},"image":{"@id":"https:\/\/www.lekka.io\/zone-sepa\/#primaryimage"},"thumbnailUrl":"https:\/\/www.lekka.io\/wp-content\/uploads\/2020\/07\/Group-22-1.png","datePublished":"2025-04-09T12:41:42+00:00","dateModified":"2025-04-09T17:20:37+00:00","breadcrumb":{"@id":"https:\/\/www.lekka.io\/zone-sepa\/#breadcrumb"},"inLanguage":"en-GB","potentialAction":[{"@type":"ReadAction","target":["https:\/\/www.lekka.io\/zone-sepa\/"]}]},{"@type":"ImageObject","inLanguage":"en-GB","@id":"https:\/\/www.lekka.io\/zone-sepa\/#primaryimage","url":"https:\/\/www.lekka.io\/wp-content\/uploads\/2020\/07\/Group-22-1.png","contentUrl":"https:\/\/www.lekka.io\/wp-content\/uploads\/2020\/07\/Group-22-1.png"},{"@type":"BreadcrumbList","@id":"https:\/\/www.lekka.io\/zone-sepa\/#breadcrumb","itemListElement":[{"@type":"ListItem","position":1,"name":"Accueil","item":"https:\/\/www.lekka.io\/"},{"@type":"ListItem","position":2,"name":"Zone SEPA"}]},{"@type":"WebSite","@id":"https:\/\/www.lekka.io\/#website","url":"https:\/\/www.lekka.io\/","name":"Lekka. Sharing more than money","description":"Sharing more than money","publisher":{"@id":"https:\/\/www.lekka.io\/#organization"},"potentialAction":[{"@type":"SearchAction","target":{"@type":"EntryPoint","urlTemplate":"https:\/\/www.lekka.io\/?s={search_term_string}"},"query-input":{"@type":"PropertyValueSpecification","valueRequired":true,"valueName":"search_term_string"}}],"inLanguage":"en-GB"},{"@type":"Organization","@id":"https:\/\/www.lekka.io\/#organization","name":"Lekka. Sharing more than money","url":"https:\/\/www.lekka.io\/","logo":{"@type":"ImageObject","inLanguage":"en-GB","@id":"https:\/\/www.lekka.io\/#\/schema\/logo\/image\/","url":"https:\/\/www.lekka.io\/wp-content\/uploads\/2024\/08\/Lekka-rectangular.webp","contentUrl":"https:\/\/www.lekka.io\/wp-content\/uploads\/2024\/08\/Lekka-rectangular.webp","width":1536,"height":355,"caption":"Lekka. Sharing more than money"},"image":{"@id":"https:\/\/www.lekka.io\/#\/schema\/logo\/image\/"}}]}},"_links":{"self":[{"href":"https:\/\/www.lekka.io\/en\/wp-json\/wp\/v2\/pages\/10179","targetHints":{"allow":["GET"]}}],"collection":[{"href":"https:\/\/www.lekka.io\/en\/wp-json\/wp\/v2\/pages"}],"about":[{"href":"https:\/\/www.lekka.io\/en\/wp-json\/wp\/v2\/types\/page"}],"author":[{"embeddable":true,"href":"https:\/\/www.lekka.io\/en\/wp-json\/wp\/v2\/users\/15"}],"replies":[{"embeddable":true,"href":"https:\/\/www.lekka.io\/en\/wp-json\/wp\/v2\/comments?post=10179"}],"version-history":[{"count":34,"href":"https:\/\/www.lekka.io\/en\/wp-json\/wp\/v2\/pages\/10179\/revisions"}],"predecessor-version":[{"id":10253,"href":"https:\/\/www.lekka.io\/en\/wp-json\/wp\/v2\/pages\/10179\/revisions\/10253"}],"wp:attachment":[{"href":"https:\/\/www.lekka.io\/en\/wp-json\/wp\/v2\/media?parent=10179"}],"wp:term":[{"taxonomy":"folder","embeddable":true,"href":"https:\/\/www.lekka.io\/en\/wp-json\/wp\/v2\/folder?post=10179"}],"curies":[{"name":"wp","href":"https:\/\/api.w.org\/{rel}","templated":true}]}}